{"id":996,"date":"2026-02-06T11:47:00","date_gmt":"2026-02-06T11:47:00","guid":{"rendered":"https:\/\/celldomolk.hu\/?page_id=996"},"modified":"2026-03-16T14:22:46","modified_gmt":"2026-03-16T14:22:46","slug":"kozterulet-felugyelet","status":"publish","type":"page","link":"https:\/\/celldomolk.hu\/en\/kozterulet-felugyelet\/","title":{"rendered":"K\u00f6zter\u00fclet-fel\u00fcgyelet"},"content":{"rendered":"<div data-elementor-type=\"wp-page\" data-elementor-id=\"996\" class=\"elementor elementor-996\" data-elementor-post-type=\"page\">\n\t\t\t\t<div class=\"elementor-element elementor-element-1c904b17 e-con-full e-flex e-con e-parent\" data-id=\"1c904b17\" data-element_type=\"container\" data-e-type=\"container\" data-settings=\"{&quot;background_background&quot;:&quot;classic&quot;}\">\n\t\t<div class=\"elementor-element elementor-element-4d8a325f e-con-full e-flex e-con e-child\" data-id=\"4d8a325f\" data-element_type=\"container\" data-e-type=\"container\">\n\t\t\t\t<div class=\"elementor-element elementor-element-4adcf755 elementor-mobile-align-center elementor-widget__width-initial elementor-widget elementor-widget-button\" data-id=\"4adcf755\" data-element_type=\"widget\" data-e-type=\"widget\" data-widget_type=\"button.default\">\n\t\t\t\t\t\t\t\t\t\t<a class=\"elementor-button elementor-button-link elementor-size-sm\" href=\"#celldomolk\">\n\t\t\t\t\t\t<span class=\"elementor-button-content-wrapper\">\n\t\t\t\t\t\t\t\t\t<span class=\"elementor-button-text\">Celld\u00f6m\u00f6lk<\/span>\n\t\t\t\t\t<\/span>\n\t\t\t\t\t<\/a>\n\t\t\t\t\t\t\t\t<\/div>\n\t\t\t\t<div class=\"elementor-element elementor-element-12dc2865 elementor-mobile-align-center elementor-widget elementor-widget-button\" data-id=\"12dc2865\" data-element_type=\"widget\" data-e-type=\"widget\" data-widget_type=\"button.default\">\n\t\t\t\t\t\t\t\t\t\t<a class=\"elementor-button elementor-button-link elementor-size-sm\" href=\"#nemeskocs\">\n\t\t\t\t\t\t<span class=\"elementor-button-content-wrapper\">\n\t\t\t\t\t\t\t\t\t<span class=\"elementor-button-text\">Nemeskocs<\/span>\n\t\t\t\t\t<\/span>\n\t\t\t\t\t<\/a>\n\t\t\t\t\t\t\t\t<\/div>\n\t\t\t\t<\/div>\n\t\t\t\t<div class=\"elementor-element elementor-element-b92a321 elementor-absolute e-transform e-transform e-transform elementor-hidden-mobile elementor-invisible elementor-widget elementor-widget-heading\" data-id=\"b92a321\" data-element_type=\"widget\" data-e-type=\"widget\" data-settings=\"{&quot;_position&quot;:&quot;absolute&quot;,&quot;_animation&quot;:&quot;fadeInLeft&quot;,&quot;_animation_delay&quot;:300,&quot;_transform_rotateZ_effect&quot;:{&quot;unit&quot;:&quot;px&quot;,&quot;size&quot;:270,&quot;sizes&quot;:[]},&quot;_transform_flipX_effect&quot;:&quot;transform&quot;,&quot;_transform_flipY_effect&quot;:&quot;transform&quot;,&quot;_transform_rotateZ_effect_tablet&quot;:{&quot;unit&quot;:&quot;deg&quot;,&quot;size&quot;:&quot;&quot;,&quot;sizes&quot;:[]},&quot;_transform_rotateZ_effect_mobile&quot;:{&quot;unit&quot;:&quot;deg&quot;,&quot;size&quot;:&quot;&quot;,&quot;sizes&quot;:[]}}\" data-widget_type=\"heading.default\">\n\t\t\t\t\t<div class=\"elementor-heading-title elementor-size-default\">CELLD\u00d6M\u00d6LK<\/div>\t\t\t\t<\/div>\n\t\t\t\t<\/div>\n\t\t<div class=\"elementor-element elementor-element-dd84587 e-flex e-con-boxed e-con e-parent\" data-id=\"dd84587\" data-element_type=\"container\" data-e-type=\"container\">\n\t\t\t\t\t<div class=\"e-con-inner\">\n\t\t\t\t<div class=\"elementor-element elementor-element-a944e3a elementor-widget elementor-widget-text-editor\" data-id=\"a944e3a\" data-element_type=\"widget\" data-e-type=\"widget\" data-widget_type=\"text-editor.default\">\n\t\t\t\t\t\t\t\t\t<p style=\"font-weight: 400;\"><strong>Mib\u0151l tudom, hogy k\u00f6zter\u00fclet-fel\u00fcgyel\u0151vel van dolgom?<\/strong><\/p><p style=\"font-weight: 400;\">A k\u00f6zter\u00fclet-fel\u00fcgyel\u0151 a feladat\u00e1t j\u00e1r\u0151rszolg\u00e1lat vagy \u0151rszolg\u00e1lat keret\u00e9ben, BM rendeletben meghat\u00e1rozott, orsz\u00e1gosan egys\u00e9ges egyenruh\u00e1ban teljes\u00edti. A k\u00f6zter\u00fclet fel\u00fcgyel\u0151 szolg\u00e1lata teljes\u00edt\u00e9sekor egyenruh\u00e1j\u00e1ra kit\u0171zve, a mellkas bal oldal\u00e1n viseli az orsz\u00e1gosan egys\u00e9ges, egyedi azonos\u00edt\u00f3 sz\u00e1mmal ell\u00e1tott fel\u00fcgyel\u0151i jelv\u00e9nyt. A fels\u0151 ruh\u00e1zat bal karj\u00e1n l\u00e1that\u00f3 a karjelz\u00e9s, mely alapj\u00e1n azonos\u00edthat\u00f3 a munk\u00e1ltat\u00f3 \u00e9s\/vagy az \u00f6nkorm\u00e1nyzat, amelynek ter\u00fclet\u00e9n int\u00e9zkedik. N\u00e9vkit\u0171z\u0151 haszn\u00e1lata m\u00e1r nem k\u00f6telez\u0151.<\/p><p style=\"font-weight: 400;\"><strong>Mi a k\u00f6zter\u00fclet-fel\u00fcgyel\u0151k jog\u00e1ll\u00e1sa?<\/strong><\/p><p style=\"font-weight: 400;\">A k\u00f6zter\u00fclet fel\u00fcgyel\u0151k jog\u00e1ll\u00e1s\u00e1t a k\u00f6zter\u00fclet fel\u00fcgyeletr\u0151l sz\u00f3l\u00f3 1999. \u00e9vi LXIII. t\u00f6rv\u00e9ny, az egyes rend\u00e9szeti feladatokat ell\u00e1t\u00f3 szem\u00e9lyek tev\u00e9kenys\u00e9g\u00e9r\u0151l, valamint az egyes t\u00f6rv\u00e9nyeknek az iskolaker\u00fcl\u00e9s elleni fell\u00e9p\u00e9st biztos\u00edt\u00f3 m\u00f3dos\u00edt\u00e1s\u00e1r\u00f3l sz\u00f3l\u00f3 2012. \u00e9vi CXX. t\u00f6rv\u00e9ny, tov\u00e1bb\u00e1 a k\u00f6zszolg\u00e1lati tisztvisel\u0151kr\u0151l sz\u00f3l\u00f3 2011. \u00e9vi CXCIX. t\u00f6rv\u00e9ny szab\u00e1lyozza.\u00a0<\/p><p style=\"font-weight: 400;\">Ezek alapj\u00e1n a feladatk\u00f6r\u00e9ben elj\u00e1r\u00f3\u00a0<strong>k\u00f6zter\u00fclet-fel\u00fcgyel\u0151<\/strong>\u00a0<strong>int\u00e9zked\u00e9sre jogosult,<\/strong>\u00a0<strong>rend\u00e9szeti<\/strong>\u00a0<strong>feladatokat ell\u00e1t\u00f3 hivatalos<\/strong>\u00a0<strong>szem\u00e9ly,\u00a0<\/strong><em>\u00e9s ennek megfelel\u0151\u00a0<\/em><strong>b\u00fcntet\u0151jogi v\u00e9delemben r\u00e9szes\u00fcl<\/strong><em>.<\/em><\/p><p style=\"font-weight: 400;\">A k\u00f6zter\u00fclet-fel\u00fcgyel\u0151\u00a0<strong>k\u00f6ztisztvisel\u0151,<\/strong>\u00a0k\u00f6zszolg\u00e1lati jogviszony\u00e1ra, a k\u00f6zszolg\u00e1lati tisztvisel\u0151kr\u0151l sz\u00f3l\u00f3 t\u00f6rv\u00e9ny rendelkez\u00e9seit kell alkalmazni.<\/p><p style=\"font-weight: 400;\">K\u00f6zszolg\u00e1lati jogviszony l\u00e9tes\u00edt\u00e9s\u00e9nek felt\u00e9telei k\u00f6zter\u00fclet-fel\u00fcgyel\u0151 eset\u00e9n:<\/p><ul style=\"font-weight: 400;\"><li>b\u00fcntetlen el\u0151\u00e9let<\/li><li>cselekv\u0151k\u00e9pess\u00e9g<\/li><li>k\u00f6z\u00e9piskolai vagy fels\u0151fok\u00fa v\u00e9gzetts\u00e9g<\/li><li>k\u00f6zter\u00fclet-fel\u00fcgyel\u0151i szakk\u00e9pes\u00edt\u00e9s<\/li><li>magyar \u00e1llampolg\u00e1rs\u00e1g<\/li><li>eg\u00e9szs\u00e9gi, fizikai \u00e9s pszichikai alkalmass\u00e1gi vizsga (alkalmas min\u0151s\u00edt\u00e9se)<\/li><\/ul><p style=\"font-weight: 400;\"><strong>Mi a k\u00f6zter\u00fclet-fel\u00fcgyel\u0151 feladata?<\/strong><\/p><p style=\"font-weight: 400;\">A k\u00f6zter\u00fclet-fel\u00fcgyel\u0151 feladatait \u2013 t\u00f6rv\u00e9ny vagy korm\u00e1nyrendelet elt\u00e9r\u0151 rendelkez\u00e9se hi\u00e1ny\u00e1ban \u2013 az \u00f6nkorm\u00e1nyzat illet\u00e9kess\u00e9gi ter\u00fclet\u00e9n l\u00e9v\u0151 k\u00f6zter\u00fcleten, az \u00f6nkorm\u00e1nyzat int\u00e9zm\u00e9nyeinek, gazdas\u00e1gi szervezeteinek ter\u00fclet\u00e9n, valamint az \u00f6nkorm\u00e1nyzat t\u00f6megk\u00f6zleked\u00e9si feladat\u00e1nak ell\u00e1t\u00e1sa sor\u00e1n \u00fczemeltetett t\u00f6megk\u00f6zleked\u00e9si eszk\u00f6z szerz\u0151d\u00e9sszer\u0171 haszn\u00e1lat\u00e1nak ellen\u0151rz\u00e9se sor\u00e1n l\u00e1tja el.<\/p><ul style=\"font-weight: 400;\"><li>a k\u00f6zter\u00fcleten, egyenruh\u00e1s jelenl\u00e9t biztos\u00edt\u00e1s\u00e1val hozz\u00e1j\u00e1rulni a b\u0171nmegel\u0151z\u00e9shez, ez\u00e1ltal az \u00e1llampolg\u00e1rok szubjekt\u00edv biztons\u00e1g\u00e9rzet\u00e9nek n\u00f6vel\u00e9s\u00e9hez.<\/li><li>a rendv\u00e9delmi szervekkel, t\u00e1rshat\u00f3s\u00e1gokkal \u00e9s civil szervezetekkel egy\u00fcttm\u0171k\u00f6dve v\u00e9grehajtott akci\u00f3kkal, j\u00e1r\u0151rtev\u00e9kenys\u00e9ggel hozz\u00e1j\u00e1rulni a k\u00f6zter\u00fcletek rendj\u00e9nek fenntart\u00e1s\u00e1hoz, az \u00f6nkorm\u00e1nyzati vagyon v\u00e9delm\u00e9hez.<\/li><li>a k\u00f6zter\u00fcletek jogszer\u0171 haszn\u00e1lat\u00e1nak, a k\u00f6zter\u00fcleten folytatott enged\u00e9lyhez, illetve \u00fatkezel\u0151i hozz\u00e1j\u00e1rul\u00e1shoz k\u00f6t\u00f6tt tev\u00e9kenys\u00e9g szab\u00e1lyszer\u0171s\u00e9g\u00e9nek ellen\u0151rz\u00e9se,<\/li><li>a k\u00f6zter\u00fclet rendj\u00e9re \u00e9s tisztas\u00e1g\u00e1ra vonatkoz\u00f3 jogszab\u00e1ly \u00e1ltal tiltott tev\u00e9kenys\u00e9g megel\u0151z\u00e9se, megakad\u00e1lyoz\u00e1sa, megszak\u00edt\u00e1sa, megsz\u00fcntet\u00e9se, illetve szankcion\u00e1l\u00e1sa,<\/li><li>k\u00f6zrem\u0171k\u00f6d\u00e9s a k\u00f6zter\u00fclet, az \u00e9p\u00edtett \u00e9s a term\u00e9szeti k\u00f6rnyezet v\u00e9delm\u00e9ben,<\/li><li>k\u00f6zrem\u0171k\u00f6d\u00e9s a k\u00f6ztisztas\u00e1gra vonatkoz\u00f3 jogszab\u00e1lyok v\u00e9grehajt\u00e1s\u00e1nak ellen\u0151rz\u00e9s\u00e9ben,<\/li><li>k\u00f6zrem\u0171k\u00f6d\u00e9s \u00e1llateg\u00e9szs\u00e9g\u00fcgyi \u00e9s ebrend\u00e9szeti feladatok ell\u00e1t\u00e1s\u00e1ban,<\/li><li>mozg\u00e1s\u00e1ban korl\u00e1tozott szem\u00e9ly parkol\u00e1si igazolv\u00e1ny jogszer\u0171 haszn\u00e1lat\u00e1nak \u00e9s birtokl\u00e1s\u00e1nak az ellen\u0151rz\u00e9se<\/li><li>a telep\u00fcl\u00e9si szil\u00e1rd \u00e9s foly\u00e9kony hullad\u00e9kkal kapcsolatos k\u00f6zszolg\u00e1ltat\u00e1si szerz\u0151d\u00e9sek ellen\u0151rz\u00e9s\u00e9nek el\u0151seg\u00edt\u00e9se,<\/li><li>hirdet\u0151-berendez\u00e9sek \u00e9s hirdetm\u00e9nyek elhelyez\u00e9s\u00e9nek ellen\u0151rz\u00e9se,<\/li><li>int\u00e9zked\u00e9s ker\u00e9kbilincs elhelyez\u00e9s\u00e9r\u0151l, j\u00e1rm\u0171vek k\u00f6zter\u00fcletr\u0151l val\u00f3 elsz\u00e1ll\u00edt\u00e1s\u00e1r\u00f3l, illet\u0151leg \u00fczemk\u00e9ptelen, roncs, elhagyott j\u00e1rm\u0171vek elsz\u00e1ll\u00edt\u00e1s\u00e1r\u00f3l.<\/li><\/ul><p style=\"font-weight: 400;\"><strong>A k\u00f6zter\u00fclet-fel\u00fcgyel\u0151 milyen int\u00e9zked\u00e9seket alkalmazhat?<\/strong><\/p><ul style=\"font-weight: 400;\"><li>felvil\u00e1gos\u00edt\u00e1st k\u00e9rhet<\/li><li>a szab\u00e1lys\u00e9rt\u00e9s elk\u00f6vet\u0151j\u00e9t az \u00f6sszes k\u00f6r\u00fclm\u00e9ny figyelembev\u00e9tel\u00e9vel a fel\u00fcgyel\u0151 figyelmeztetheti vagy helysz\u00edni b\u00edrs\u00e1got szabhat ki vagy feljelentheti<\/li><li>a g\u00e9pj\u00e1rm\u0171vezet\u0151 t\u00e1voll\u00e9t\u00e9ben helysz\u00edni b\u00edrs\u00e1got szabhat ki<\/li><li>k\u00f6zigazgat\u00e1si hat\u00f3s\u00e1gi elj\u00e1r\u00e1s kezdem\u00e9nyezhet<\/li><li>a k\u00f6z\u00fati k\u00f6zleked\u00e9sben r\u00e9sztvev\u0151, k\u00f6ztisztas\u00e1gi szab\u00e1lyokat, tov\u00e1bb\u00e1 meg\u00e1ll\u00e1sra, v\u00e1rakoz\u00e1sra vagy t\u00e1bl\u00e1val jelzett behajt\u00e1si tilalomra vagy korl\u00e1toz\u00e1sra vonatkoz\u00f3 szab\u00e1lyokat megszeg\u0151 j\u00e1rm\u0171vet meg\u00e1ll\u00edthatja \u00e9s feltart\u00f3ztathatja<\/li><li>jogosult ruh\u00e1zat, csomag \u00e9s j\u00e1rm\u0171 \u00e1tvizsg\u00e1l\u00e1s\u00e1ra, valamint j\u00e1rm\u0171 feltart\u00f3ztat\u00e1s\u00e1ra, ha alaposan felt\u00e9telezhet\u0151, hogy a jogellenesen megszerezett dolog \u00edgy fellelhet\u0151<\/li><li>jogosult a t\u00e1mad\u00e1sra vagy \u00f6nvesz\u00e9ly okoz\u00e1sra alkalmas t\u00e1rgy, valamint a k\u00f6zigazgat\u00e1si, szab\u00e1lys\u00e9rt\u00e9si vagy a b\u00fcntet\u0151elj\u00e1r\u00e1sr\u00f3l sz\u00f3l\u00f3 t\u00f6rv\u00e9ny alapj\u00e1n lefoglalhat\u00f3, bizony\u00edt\u00e9kk\u00e9nt felhaszn\u00e1lhat\u00f3 dolog \u00e1tv\u00e9teli elismerv\u00e9ny ellen\u00e9ben t\u00f6rt\u00e9n\u0151 ideiglenes elv\u00e9telre az elj\u00e1r\u00f3 hat\u00f3s\u00e1gnak t\u00f6rt\u00e9n\u0151 \u00e1tad\u00e1sig<\/li><li>\u00e9p\u00fclet, l\u00e9tes\u00edtm\u00e9ny \u00e9s egy\u00e9b vagyont\u00e1rgy \u0151rz\u00e9se, jogellenes cselekm\u00e9ny folytat\u00e1s\u00e1nak megakad\u00e1lyoz\u00e1sa<\/li><li>tetten \u00e9rt szem\u00e9ly visszatart\u00e1sa, b\u0171ncselekm\u00e9ny gyan\u00faja eset\u00e9n el\u0151\u00e1ll\u00edt\u00e1sa<\/li><\/ul><p style=\"font-weight: 400;\">A k\u00f6zter\u00fclet-fel\u00fcgyel\u0151 jogosult a jogszer\u0171 int\u00e9zked\u00e9s\u00e9vel \u00e9rintett szem\u00e9ly szem\u00e9lyazonoss\u00e1g\u00e1t meg\u00e1llap\u00edtani, igazoltatni. A k\u00f6zter\u00fclet-fel\u00fcgyel\u0151 felsz\u00f3l\u00edt\u00e1s\u00e1ra az \u00e1llampolg\u00e1r k\u00f6teles szem\u00e9lyazonoss\u00e1g\u00e1t igazolni, ennek elmulaszt\u00e1sa szab\u00e1lys\u00e9rt\u00e9si elj\u00e1r\u00e1st von maga ut\u00e1n. A szem\u00e9lyazonoss\u00e1g igazol\u00e1s\u00e1ra alkalmas minden olyan hat\u00f3s\u00e1gi igazolv\u00e1ny, amely a polg\u00e1rok szem\u00e9lyi adatainak \u00e9s lakc\u00edm\u00e9nek nyilv\u00e1ntart\u00e1s\u00e1r\u00f3l sz\u00f3l\u00f3 t\u00f6rv\u00e9nyben foglalt k\u00f6vetelm\u00e9nyeknek megfelel.<\/p><p style=\"font-weight: 400;\"><strong>A k\u00f6zter\u00fclet-fel\u00fcgyel\u0151 int\u00e9zked\u00e9se sor\u00e1n milyen k\u00e9nyszer\u00edt\u0151 eszk\u00f6z\u00f6ket alkalmazhat?<\/strong><\/p><ul style=\"font-weight: 400;\"><li>a jogszer\u0171 int\u00e9zked\u00e9s\u00e9vel szembeni ellen\u00e1ll\u00e1s megt\u00f6r\u00e9se \u00e9rdek\u00e9ben\u00a0 k\u00f6nnyg\u00e1zsz\u00f3r\u00f3 palackot.<\/li><\/ul><p style=\"font-weight: 400;\"><strong>Hol int\u00e9zkedhet a k\u00f6zter\u00fclet-fel\u00fcgyel\u0151?<\/strong><\/p><p style=\"font-weight: 400;\">A k\u00f6zter\u00fclet-fel\u00fcgyel\u0151 feladatait az \u00f6nkorm\u00e1nyzat illet\u00e9kess\u00e9gi ter\u00fclet\u00e9n l\u00e9v\u0151 k\u00f6zter\u00fcleten, az \u00f6nkorm\u00e1nyzat int\u00e9zm\u00e9nyeinek, gazdas\u00e1gi szervezeteinek ter\u00fclet\u00e9n, valamint az \u00f6nkorm\u00e1nyzat t\u00f6megk\u00f6zleked\u00e9si feladat\u00e1nak ell\u00e1t\u00e1sa sor\u00e1n \u00fczemeltetett t\u00f6megk\u00f6zleked\u00e9si eszk\u00f6z szerz\u0151d\u00e9sszer\u0171 haszn\u00e1lat\u00e1nak ellen\u0151rz\u00e9se sor\u00e1n l\u00e1tja el.<\/p><p style=\"font-weight: 400;\"><strong>A k\u00f6zter\u00fclet-fel\u00fcgyel\u0151 k\u00e9sz\u00edthet-e r\u00f3lam, vagy a g\u00e9pj\u00e1rm\u0171vemr\u0151l f\u00e9nyk\u00e9p,- vagy vide\u00f3-felv\u00e9telt?<\/strong><\/p><p style=\"font-weight: 400;\">A k\u00f6zter\u00fclet-fel\u00fcgyel\u0151 int\u00e9zked\u00e9se k\u00f6zben az \u00e9rintett szem\u00e9lyr\u0151l, az int\u00e9zked\u00e9se vagy az elj\u00e1r\u00e1sa szempontj\u00e1b\u00f3l l\u00e9nyeges k\u00f6rnyezetr\u0151l \u00e9s k\u00f6r\u00fclm\u00e9nyr\u0151l, t\u00e1rgyr\u00f3l k\u00e9pfelv\u00e9telt, hangfelv\u00e9telt, k\u00e9p- \u00e9s hangfelv\u00e9telt k\u00e9sz\u00edthet.<\/p>\t\t\t\t\t\t\t\t<\/div>\n\t\t<div class=\"elementor-element elementor-element-e39e51d e-con-full e-flex e-con e-child\" data-id=\"e39e51d\" data-element_type=\"container\" data-e-type=\"container\">\n\t\t\t\t<div class=\"elementor-element elementor-element-580b1bb elementor-widget elementor-widget-menu-anchor\" data-id=\"580b1bb\" data-element_type=\"widget\" data-e-type=\"widget\" data-widget_type=\"menu-anchor.default\">\n\t\t\t\t\t\t\t<div class=\"elementor-menu-anchor\" id=\"celldomolk\"><\/div>\n\t\t\t\t\t\t<\/div>\n\t\t\t\t<div class=\"elementor-element elementor-element-f60140f elementor-widget elementor-widget-heading\" data-id=\"f60140f\" data-element_type=\"widget\" data-e-type=\"widget\" data-widget_type=\"heading.default\">\n\t\t\t\t\t<h2 class=\"elementor-heading-title elementor-size-default\">Celld\u00f6m\u00f6lk V\u00e1ros ter\u00fclet\u00e9n hol tal\u00e1lhat\u00f3k t\u00e9rfigyel\u0151 kamer\u00e1k?<\/h2>\t\t\t\t<\/div>\n\t\t\t\t<div class=\"elementor-element elementor-element-3d7e18c elementor-widget elementor-widget-text-editor\" data-id=\"3d7e18c\" data-element_type=\"widget\" data-e-type=\"widget\" data-widget_type=\"text-editor.default\">\n\t\t\t\t\t\t\t\t\t<p style=\"font-weight: 400;\">Celld\u00f6m\u00f6lk V\u00e1ros \u00d6nkorm\u00e1nyzat\u00e1nak T\u00e9rfigyel\u0151 kamerarendszere &#8211; a kamer\u00e1k elhelyezked\u00e9se &#8211; az al\u00e1bbi linken tekinthet\u0151 meg, vagy t\u00f6lthet\u0151 le.<\/p><p style=\"font-weight: 400;\"><a href=\"https:\/\/celldomolk.hu\/wp-content\/uploads\/2026\/02\/Kamerak_Celldomolk.pdf\" target=\"_blank\" rel=\"noopener\">Kattintson IDE.<\/a><\/p>\t\t\t\t\t\t\t\t<\/div>\n\t\t<div class=\"elementor-element elementor-element-fc8dc3e e-con-full e-flex e-con e-child\" data-id=\"fc8dc3e\" data-element_type=\"container\" data-e-type=\"container\">\n\t\t\t\t<div class=\"elementor-element elementor-element-9fbebf7 elementor-widget elementor-widget-menu-anchor\" data-id=\"9fbebf7\" data-element_type=\"widget\" data-e-type=\"widget\" data-widget_type=\"menu-anchor.default\">\n\t\t\t\t\t\t\t<div class=\"elementor-menu-anchor\" id=\"nemeskocs\"><\/div>\n\t\t\t\t\t\t<\/div>\n\t\t\t\t<div class=\"elementor-element elementor-element-62593a8 elementor-widget elementor-widget-heading\" data-id=\"62593a8\" data-element_type=\"widget\" data-e-type=\"widget\" data-widget_type=\"heading.default\">\n\t\t\t\t\t<h2 class=\"elementor-heading-title elementor-size-default\">Nemeskocs K\u00f6zs\u00e9g Ter\u00fclet\u00e9n hol tal\u00e1lhat\u00f3k t\u00e9rfigyel\u0151 kamer\u00e1k?<\/h2>\t\t\t\t<\/div>\n\t\t\t\t<div class=\"elementor-element elementor-element-7f414f7 elementor-widget elementor-widget-text-editor\" data-id=\"7f414f7\" data-element_type=\"widget\" data-e-type=\"widget\" data-widget_type=\"text-editor.default\">\n\t\t\t\t\t\t\t\t\t<p style=\"font-weight: 400;\">Nemeskocs K\u00f6zs\u00e9g \u00d6nkorm\u00e1nyzat\u00e1nak T\u00e9rfigyel\u0151 kamerarendszere &#8211; a kamer\u00e1k elhelyezked\u00e9se &#8211; az al\u00e1bbi linken tekinthet\u0151 meg, vagy t\u00f6lthet\u0151 le.<\/p><p style=\"font-weight: 400;\"><a href=\"https:\/\/celldomolk.hu\/wp-content\/uploads\/2026\/02\/nemeskocs_kamerak.jpg\" target=\"_blank\" rel=\"noopener\">Kattintson IDE.<\/a><\/p>\t\t\t\t\t\t\t\t<\/div>\n\t\t\t\t<\/div>\n\t\t\t\t<\/div>\n\t\t\t\t\t<\/div>\n\t\t\t\t<\/div>\n\t\t\t\t<\/div>","protected":false},"excerpt":{"rendered":"<p>Celld\u00f6m\u00f6lk Nemeskocs CELLD\u00d6M\u00d6LK Mib\u0151l tudom, hogy k\u00f6zter\u00fclet-fel\u00fcgyel\u0151vel van dolgom? A k\u00f6zter\u00fclet-fel\u00fcgyel\u0151 a feladat\u00e1t j\u00e1r\u0151rszolg\u00e1lat vagy \u0151rszolg\u00e1lat keret\u00e9ben, BM rendeletben meghat\u00e1rozott, orsz\u00e1gosan egys\u00e9ges egyenruh\u00e1ban teljes\u00edti. A k\u00f6zter\u00fclet fel\u00fcgyel\u0151 szolg\u00e1lata teljes\u00edt\u00e9sekor egyenruh\u00e1j\u00e1ra kit\u0171zve, a mellkas bal oldal\u00e1n viseli az orsz\u00e1gosan egys\u00e9ges, egyedi azonos\u00edt\u00f3 sz\u00e1mmal ell\u00e1tott fel\u00fcgyel\u0151i jelv\u00e9nyt. A fels\u0151 ruh\u00e1zat bal karj\u00e1n l\u00e1that\u00f3 a karjelz\u00e9s, mely alapj\u00e1n [&hellip;]<\/p>\n","protected":false},"author":1,"featured_media":0,"parent":0,"menu_order":0,"comment_status":"closed","ping_status":"closed","template":"","meta":{"footnotes":""},"class_list":["post-996","page","type-page","status-publish","hentry"],"_links":{"self":[{"href":"https:\/\/celldomolk.hu\/en\/wp-json\/wp\/v2\/pages\/996","targetHints":{"allow":["GET"]}}],"collection":[{"href":"https:\/\/celldomolk.hu\/en\/wp-json\/wp\/v2\/pages"}],"about":[{"href":"https:\/\/celldomolk.hu\/en\/wp-json\/wp\/v2\/types\/page"}],"author":[{"embeddable":true,"href":"https:\/\/celldomolk.hu\/en\/wp-json\/wp\/v2\/users\/1"}],"replies":[{"embeddable":true,"href":"https:\/\/celldomolk.hu\/en\/wp-json\/wp\/v2\/comments?post=996"}],"version-history":[{"count":0,"href":"https:\/\/celldomolk.hu\/en\/wp-json\/wp\/v2\/pages\/996\/revisions"}],"wp:attachment":[{"href":"https:\/\/celldomolk.hu\/en\/wp-json\/wp\/v2\/media?parent=996"}],"curies":[{"name":"wp","href":"https:\/\/api.w.org\/{rel}","templated":true}]}}