{"id":969,"date":"2026-02-06T11:03:03","date_gmt":"2026-02-06T11:03:03","guid":{"rendered":"https:\/\/celldomolk.hu\/?page_id=969"},"modified":"2026-03-16T10:54:59","modified_gmt":"2026-03-16T10:54:59","slug":"az-onkormanyzat-intezmenyei","status":"publish","type":"page","link":"https:\/\/celldomolk.hu\/en\/az-onkormanyzat-intezmenyei\/","title":{"rendered":"Az \u00f6nkorm\u00e1nyzat int\u00e9zm\u00e9nyei"},"content":{"rendered":"<div data-elementor-type=\"wp-page\" data-elementor-id=\"969\" class=\"elementor elementor-969\" data-elementor-post-type=\"page\">\n\t\t\t\t<div class=\"elementor-element elementor-element-6d702f62 e-con-full e-flex e-con e-parent\" data-id=\"6d702f62\" data-element_type=\"container\" data-e-type=\"container\" data-settings=\"{&quot;background_background&quot;:&quot;classic&quot;}\">\n\t\t<div class=\"elementor-element elementor-element-e75ffc0 e-con-full e-flex e-con e-child\" data-id=\"e75ffc0\" data-element_type=\"container\" data-e-type=\"container\">\n\t\t\t\t<\/div>\n\t\t\t\t<div class=\"elementor-element elementor-element-35b0b0ce elementor-absolute e-transform e-transform e-transform elementor-hidden-mobile elementor-invisible elementor-widget elementor-widget-heading\" data-id=\"35b0b0ce\" data-element_type=\"widget\" data-e-type=\"widget\" data-settings=\"{&quot;_position&quot;:&quot;absolute&quot;,&quot;_animation&quot;:&quot;fadeInLeft&quot;,&quot;_animation_delay&quot;:300,&quot;_transform_rotateZ_effect&quot;:{&quot;unit&quot;:&quot;px&quot;,&quot;size&quot;:270,&quot;sizes&quot;:[]},&quot;_transform_flipX_effect&quot;:&quot;transform&quot;,&quot;_transform_flipY_effect&quot;:&quot;transform&quot;,&quot;_transform_rotateZ_effect_tablet&quot;:{&quot;unit&quot;:&quot;deg&quot;,&quot;size&quot;:&quot;&quot;,&quot;sizes&quot;:[]},&quot;_transform_rotateZ_effect_mobile&quot;:{&quot;unit&quot;:&quot;deg&quot;,&quot;size&quot;:&quot;&quot;,&quot;sizes&quot;:[]}}\" data-widget_type=\"heading.default\">\n\t\t\t\t\t<div class=\"elementor-heading-title elementor-size-default\">CELLD\u00d6M\u00d6LK<\/div>\t\t\t\t<\/div>\n\t\t\t\t<\/div>\n\t\t<div class=\"elementor-element elementor-element-2b5e1881 e-flex e-con-boxed e-con e-parent\" data-id=\"2b5e1881\" data-element_type=\"container\" data-e-type=\"container\">\n\t\t\t\t\t<div class=\"e-con-inner\">\n\t\t<div class=\"elementor-element elementor-element-39917242 e-con-full e-grid e-con e-child\" data-id=\"39917242\" data-element_type=\"container\" data-e-type=\"container\">\n\t\t<div class=\"elementor-element elementor-element-42b4e709 e-con-full e-flex e-con e-child\" data-id=\"42b4e709\" data-element_type=\"container\" data-e-type=\"container\" data-settings=\"{&quot;background_background&quot;:&quot;classic&quot;}\">\n\t\t\t\t<div class=\"elementor-element elementor-element-658b085 elementor-widget elementor-widget-icon-box\" data-id=\"658b085\" data-element_type=\"widget\" data-e-type=\"widget\" data-widget_type=\"icon-box.default\">\n\t\t\t\t\t\t\t<div class=\"elementor-icon-box-wrapper\">\n\n\t\t\t\n\t\t\t\t\t\t<div class=\"elementor-icon-box-content\">\n\n\t\t\t\t\t\t\t\t\t<span class=\"elementor-icon-box-title\">\n\t\t\t\t\t\t<span  >\n\t\t\t\t\t\t\tV\u00e1rosi \u00d3voda\t\t\t\t\t\t<\/span>\n\t\t\t\t\t<\/span>\n\t\t\t\t\n\t\t\t\t\t\t\t\t\t<p class=\"elementor-icon-box-description\">\n\t\t\t\t\t\t9500 Celld\u00f6m\u00f6lk,  Koptik O. u. 10.\t\t\t\t\t<\/p>\n\t\t\t\t\n\t\t\t<\/div>\n\t\t\t\n\t\t<\/div>\n\t\t\t\t\t\t<\/div>\n\t\t\t\t<div class=\"elementor-element elementor-element-84c86a4 elementor-widget elementor-widget-text-editor\" data-id=\"84c86a4\" data-element_type=\"widget\" data-e-type=\"widget\" data-widget_type=\"text-editor.default\">\n\t\t\t\t\t\t\t\t\t<p>\u00d3vodavezet\u0151: Kov\u00e1cs \u00c1gnes<\/p><p>Telefon: <span style=\"font-weight: 400;\">95\/779-449<\/span><\/p><p>Fax: <span style=\"font-weight: 400;\">95\/779-449<\/span><\/p><p>Email: <a href=\"mailto:varosiovoda@cellkabel.hu\"><span style=\"font-weight: 400;\">varosiovoda@cellkabel.hu<\/span><\/a><\/p><p><a href=\"http:\/\/letoltes.celldomolk.hu\/docs\/alapito_okiratok\/20170701_VO.pdf\"><span style=\"font-weight: 400;\">Alap\u00edt\u00f3 okirat<\/span><\/a><\/p><p><a href=\"https:\/\/kir.oktatas.hu\/kirint.show\/1036434#alapadatok\"><span style=\"font-weight: 400;\">Int\u00e9zm\u00e9nyi adatok<\/span><\/a><\/p>\t\t\t\t\t\t\t\t<\/div>\n\t\t\t\t<\/div>\n\t\t<div class=\"elementor-element elementor-element-108f5f17 e-con-full e-flex e-con e-child\" data-id=\"108f5f17\" data-element_type=\"container\" data-e-type=\"container\" data-settings=\"{&quot;background_background&quot;:&quot;classic&quot;}\">\n\t\t\t\t<div class=\"elementor-element elementor-element-3647116d elementor-widget elementor-widget-icon-box\" data-id=\"3647116d\" data-element_type=\"widget\" data-e-type=\"widget\" data-widget_type=\"icon-box.default\">\n\t\t\t\t\t\t\t<div class=\"elementor-icon-box-wrapper\">\n\n\t\t\t\n\t\t\t\t\t\t<div class=\"elementor-icon-box-content\">\n\n\t\t\t\t\t\t\t\t\t<span class=\"elementor-icon-box-title\">\n\t\t\t\t\t\t<span  >\n\t\t\t\t\t\t\tN\u00e9pj\u00f3l\u00e9ti Szolg\u00e1lat\t\t\t\t\t\t<\/span>\n\t\t\t\t\t<\/span>\n\t\t\t\t\n\t\t\t\t\t\t\t\t\t<p class=\"elementor-icon-box-description\">\n\t\t\t\t\t\t9500 Celld\u00f6m\u00f6lk, Szal\u00f3ky S. u. 3.\t\t\t\t\t<\/p>\n\t\t\t\t\n\t\t\t<\/div>\n\t\t\t\n\t\t<\/div>\n\t\t\t\t\t\t<\/div>\n\t\t\t\t<div class=\"elementor-element elementor-element-7f23310 elementor-widget elementor-widget-text-editor\" data-id=\"7f23310\" data-element_type=\"widget\" data-e-type=\"widget\" data-widget_type=\"text-editor.default\">\n\t\t\t\t\t\t\t\t\t<p>Igazgat\u00f3: Nagy Zolt\u00e1n<\/p><p>Telefon: <span style=\"font-weight: 400;\">95\/525-910<\/span><\/p><p>Fax: <span style=\"font-weight: 400;\">95\/525-921<\/span><\/p><p>Email: <a href=\"mailto:nepjoleti@celldomolk.hu\"><span style=\"font-weight: 400;\">nepjoleti@celldomolk.hu<\/span><\/a><\/p><p><a href=\"mailto:nsz.igazgato@celldomolk.hu\"><span style=\"font-weight: 400;\">nsz.igazgato@celldomolk.hu<\/span><\/a><\/p><p><a href=\"mailto:nagy.zoltan@celldomolk.hu\"><span style=\"font-weight: 400;\">nagy.zoltan@celldomolk.hu<\/span><\/a><\/p><p>Web: <a href=\"http:\/\/nszcell.hu\/\"><span style=\"font-weight: 400;\">www.nszcell.hu<\/span><\/a><\/p><p><a href=\"https:\/\/www.nszcell.hu\/dokumentumtar\"><span style=\"font-weight: 400;\">Alap\u00edt\u00f3 okirat<\/span><\/a><\/p>\t\t\t\t\t\t\t\t<\/div>\n\t\t\t\t<\/div>\n\t\t<div class=\"elementor-element elementor-element-d3f98ba e-con-full e-flex e-con e-child\" data-id=\"d3f98ba\" data-element_type=\"container\" data-e-type=\"container\" data-settings=\"{&quot;background_background&quot;:&quot;classic&quot;}\">\n\t\t\t\t<div class=\"elementor-element elementor-element-d4c657a elementor-widget elementor-widget-icon-box\" data-id=\"d4c657a\" data-element_type=\"widget\" data-e-type=\"widget\" data-widget_type=\"icon-box.default\">\n\t\t\t\t\t\t\t<div class=\"elementor-icon-box-wrapper\">\n\n\t\t\t\n\t\t\t\t\t\t<div class=\"elementor-icon-box-content\">\n\n\t\t\t\t\t\t\t\t\t<span class=\"elementor-icon-box-title\">\n\t\t\t\t\t\t<span  >\n\t\t\t\t\t\t\tKemenesaljai M\u0171vel\u0151d\u00e9si K\u00f6zpont \u00e9s K\u00f6nyvt\u00e1r\t\t\t\t\t\t<\/span>\n\t\t\t\t\t<\/span>\n\t\t\t\t\n\t\t\t\t\t\t\t\t\t<p class=\"elementor-icon-box-description\">\n\t\t\t\t\t\t9500 Celld\u00f6m\u00f6lk, dr. G\u00e9fin L. t\u00e9r 1.\t\t\t\t\t<\/p>\n\t\t\t\t\n\t\t\t<\/div>\n\t\t\t\n\t\t<\/div>\n\t\t\t\t\t\t<\/div>\n\t\t\t\t<div class=\"elementor-element elementor-element-84c6d11 elementor-widget elementor-widget-text-editor\" data-id=\"84c6d11\" data-element_type=\"widget\" data-e-type=\"widget\" data-widget_type=\"text-editor.default\">\n\t\t\t\t\t\t\t\t\t<p>Igazgat\u00f3: <span style=\"font-weight: 400;\">P\u00e1ln\u00e9 Horv\u00e1th M\u00e1ria<\/span><\/p><p>Telefon: <span style=\"font-weight: 400;\">95\/779-301<\/span><\/p><p>Fax: <span style=\"font-weight: 400;\">95\/779-450<\/span><\/p><p>Email: <a href=\"mailto:kmk@cellkabel.hu\"><span style=\"font-weight: 400;\">kmk@cellkabel.hu<\/span><\/a><\/p><p>Web: <a href=\"https:\/\/kemenesaljamuvhaz.hu\/\">https:\/\/kemenesaljamuvhaz.hu\/<\/a><\/p><p><a href=\"https:\/\/letoltes.celldomolk.hu\/docs\/alapito_okiratok\/S12_574774_211006_KMKK.pdf\"><span style=\"font-weight: 400;\">Alap\u00edt\u00f3 okirat<\/span><\/a><\/p><p>\u00a0<\/p>\t\t\t\t\t\t\t\t<\/div>\n\t\t\t\t<\/div>\n\t\t<div class=\"elementor-element elementor-element-602c1f9 e-con-full e-flex e-con e-child\" data-id=\"602c1f9\" data-element_type=\"container\" data-e-type=\"container\" data-settings=\"{&quot;background_background&quot;:&quot;classic&quot;}\">\n\t\t\t\t<div class=\"elementor-element elementor-element-a5f54b9 elementor-widget elementor-widget-icon-box\" data-id=\"a5f54b9\" data-element_type=\"widget\" data-e-type=\"widget\" data-widget_type=\"icon-box.default\">\n\t\t\t\t\t\t\t<div class=\"elementor-icon-box-wrapper\">\n\n\t\t\t\n\t\t\t\t\t\t<div class=\"elementor-icon-box-content\">\n\n\t\t\t\t\t\t\t\t\t<span class=\"elementor-icon-box-title\">\n\t\t\t\t\t\t<span  >\n\t\t\t\t\t\t\tV\u00e1rosgondnoks\u00e1g\t\t\t\t\t\t<\/span>\n\t\t\t\t\t<\/span>\n\t\t\t\t\n\t\t\t\t\t\t\t\t\t<p class=\"elementor-icon-box-description\">\n\t\t\t\t\t\t9500 Celld\u00f6m\u00f6lk, Temesv\u00e1r u. 16.\t\t\t\t\t<\/p>\n\t\t\t\t\n\t\t\t<\/div>\n\t\t\t\n\t\t<\/div>\n\t\t\t\t\t\t<\/div>\n\t\t\t\t<div class=\"elementor-element elementor-element-68d4022 elementor-widget elementor-widget-text-editor\" data-id=\"68d4022\" data-element_type=\"widget\" data-e-type=\"widget\" data-widget_type=\"text-editor.default\">\n\t\t\t\t\t\t\t\t\t<p>Igazgat\u00f3: <span style=\"font-weight: 400;\">Kontics Ilona\u00a0<\/span><\/p><p>Telefon: <span style=\"font-weight: 400;\">95\/525-850<\/span><\/p><p>Fax: <span style=\"font-weight: 400;\">95\/421-835<\/span><\/p><p>Email: <a href=\"mailto:kontics.ilona@celldomolk.hu\"><span style=\"font-weight: 400;\">kontics.ilona@celldomolk.hu<\/span><\/a><\/p><p><a href=\"http:\/\/letoltes.celldomolk.hu\/docs\/Varosgondnoksag\/altalanos-kozzeteteli-lista-szervezeti-adatok-VG.pdf\"><span style=\"font-weight: 400;\">\u00c1ltal\u00e1nos k\u00f6zz\u00e9t\u00e9teli lista<\/span><\/a><\/p><p><a href=\"http:\/\/letoltes.celldomolk.hu\/docs\/alapito_okiratok\/20181011_VG.pdf\"><span style=\"font-weight: 400;\">Alap\u00edt\u00f3 okirat<\/span><\/a><\/p>\t\t\t\t\t\t\t\t<\/div>\n\t\t\t\t<\/div>\n\t\t\t\t<\/div>\n\t\t\t\t\t<\/div>\n\t\t\t\t<\/div>\n\t\t\t\t<\/div>","protected":false},"excerpt":{"rendered":"<p>CELLD\u00d6M\u00d6LK V\u00e1rosi \u00d3voda 9500 Celld\u00f6m\u00f6lk, Koptik O. u. 10. \u00d3vodavezet\u0151: Kov\u00e1cs \u00c1gnes Telefon: 95\/779-449 Fax: 95\/779-449 Email: varosiovoda@cellkabel.hu Alap\u00edt\u00f3 okirat Int\u00e9zm\u00e9nyi adatok N\u00e9pj\u00f3l\u00e9ti Szolg\u00e1lat 9500 Celld\u00f6m\u00f6lk, Szal\u00f3ky S. u. 3. Igazgat\u00f3: Nagy Zolt\u00e1n Telefon: 95\/525-910 Fax: 95\/525-921 Email: nepjoleti@celldomolk.hu nsz.igazgato@celldomolk.hu nagy.zoltan@celldomolk.hu Web: www.nszcell.hu Alap\u00edt\u00f3 okirat Kemenesaljai M\u0171vel\u0151d\u00e9si K\u00f6zpont \u00e9s K\u00f6nyvt\u00e1r 9500 Celld\u00f6m\u00f6lk, dr. G\u00e9fin L. [&hellip;]<\/p>\n","protected":false},"author":1,"featured_media":0,"parent":0,"menu_order":0,"comment_status":"closed","ping_status":"closed","template":"","meta":{"footnotes":""},"class_list":["post-969","page","type-page","status-publish","hentry"],"_links":{"self":[{"href":"https:\/\/celldomolk.hu\/en\/wp-json\/wp\/v2\/pages\/969","targetHints":{"allow":["GET"]}}],"collection":[{"href":"https:\/\/celldomolk.hu\/en\/wp-json\/wp\/v2\/pages"}],"about":[{"href":"https:\/\/celldomolk.hu\/en\/wp-json\/wp\/v2\/types\/page"}],"author":[{"embeddable":true,"href":"https:\/\/celldomolk.hu\/en\/wp-json\/wp\/v2\/users\/1"}],"replies":[{"embeddable":true,"href":"https:\/\/celldomolk.hu\/en\/wp-json\/wp\/v2\/comments?post=969"}],"version-history":[{"count":0,"href":"https:\/\/celldomolk.hu\/en\/wp-json\/wp\/v2\/pages\/969\/revisions"}],"wp:attachment":[{"href":"https:\/\/celldomolk.hu\/en\/wp-json\/wp\/v2\/media?parent=969"}],"curies":[{"name":"wp","href":"https:\/\/api.w.org\/{rel}","templated":true}]}}