{"id":3105,"date":"2026-03-31T14:13:58","date_gmt":"2026-03-31T12:13:58","guid":{"rendered":"https:\/\/celldomolk.hu\/?page_id=3105"},"modified":"2026-03-31T15:52:15","modified_gmt":"2026-03-31T13:52:15","slug":"akadalymentesitesi-nyilatkozat","status":"publish","type":"page","link":"https:\/\/celldomolk.hu\/en\/akadalymentesitesi-nyilatkozat\/","title":{"rendered":"Akad\u00e1lymentes\u00edt\u00e9si nyilatkozat"},"content":{"rendered":"<div data-elementor-type=\"wp-page\" data-elementor-id=\"3105\" class=\"elementor elementor-3105\" data-elementor-post-type=\"page\">\n\t\t\t\t<div class=\"elementor-element elementor-element-1af99677 e-con-full e-flex e-con e-parent\" data-id=\"1af99677\" data-element_type=\"container\" data-e-type=\"container\" data-settings=\"{&quot;background_background&quot;:&quot;classic&quot;}\">\n\t\t<div class=\"elementor-element elementor-element-2a3269a8 e-con-full e-flex e-con e-child\" data-id=\"2a3269a8\" data-element_type=\"container\" data-e-type=\"container\">\n\t\t\t\t<\/div>\n\t\t\t\t<div class=\"elementor-element elementor-element-4e38d91e elementor-absolute e-transform e-transform e-transform elementor-hidden-mobile elementor-invisible elementor-widget elementor-widget-heading\" data-id=\"4e38d91e\" data-element_type=\"widget\" data-e-type=\"widget\" data-settings=\"{&quot;_position&quot;:&quot;absolute&quot;,&quot;_animation&quot;:&quot;fadeInLeft&quot;,&quot;_animation_delay&quot;:300,&quot;_transform_rotateZ_effect&quot;:{&quot;unit&quot;:&quot;px&quot;,&quot;size&quot;:270,&quot;sizes&quot;:[]},&quot;_transform_flipX_effect&quot;:&quot;transform&quot;,&quot;_transform_flipY_effect&quot;:&quot;transform&quot;,&quot;_transform_rotateZ_effect_tablet&quot;:{&quot;unit&quot;:&quot;deg&quot;,&quot;size&quot;:&quot;&quot;,&quot;sizes&quot;:[]},&quot;_transform_rotateZ_effect_mobile&quot;:{&quot;unit&quot;:&quot;deg&quot;,&quot;size&quot;:&quot;&quot;,&quot;sizes&quot;:[]}}\" data-widget_type=\"heading.default\">\n\t\t\t\t\t<div class=\"elementor-heading-title elementor-size-default\">CELLD\u00d6M\u00d6LK<\/div>\t\t\t\t<\/div>\n\t\t\t\t<\/div>\n\t\t<div class=\"elementor-element elementor-element-dd84587 e-flex e-con-boxed e-con e-parent\" data-id=\"dd84587\" data-element_type=\"container\" data-e-type=\"container\">\n\t\t\t\t\t<div class=\"e-con-inner\">\n\t\t\t\t<div class=\"elementor-element elementor-element-a944e3a elementor-widget elementor-widget-text-editor\" data-id=\"a944e3a\" data-element_type=\"widget\" data-e-type=\"widget\" data-widget_type=\"text-editor.default\">\n\t\t\t\t\t\t\t\t\t<div class=\"Y3BBE\" data-sfc-cp=\"\" data-sfc-root=\"c\" data-sfc-cb=\"\" data-hveid=\"CAEIBBAA\" data-complete=\"true\" data-processed=\"true\"><strong class=\"Yjhzub\" data-sfc-root=\"c\" data-sfc-cb=\"\" data-complete=\"true\" data-processed=\"true\">Celld\u00f6m\u00f6lk City Municipality<\/strong>\u00a0(a tov\u00e1bbiakban: \u00d6nkorm\u00e1nyzat) elk\u00f6telezett amellett, hogy honlapj\u00e1t a k\u00f6zszf\u00e9rabeli szervezetek honlapjainak \u00e9s mobilalkalmaz\u00e1sainak akad\u00e1lymentes\u00edt\u00e9s\u00e9r\u0151l sz\u00f3l\u00f3\u00a0<strong class=\"Yjhzub\" data-sfc-root=\"c\" data-sfc-cb=\"\" data-complete=\"true\" data-processed=\"true\">2018. \u00e9vi LXXV. t\u00f6rv\u00e9ny<\/strong> szerint akad\u00e1lymentess\u00e9 tegye.<\/div><div class=\"Y3BBE\" data-sfc-cp=\"\" data-sfc-root=\"c\" data-sfc-cb=\"\" data-hveid=\"CAEIBRAA\" data-complete=\"true\" data-processed=\"true\">Ez az akad\u00e1lymentes\u00edt\u00e9si nyilatkozat a\u00a0<span class=\"T286Pc\" data-sfc-cp=\"\" data-sfc-root=\"c\" data-sfc-cb=\"\" data-complete=\"true\" data-processed=\"true\">www.celldomolk.hu<\/span> honlapra vonatkozik.<\/div><div class=\"Fsg96\" data-sfc-cp=\"\" data-sfc-root=\"c\" data-sfc-cb=\"\" data-complete=\"true\" data-processed=\"true\">\u00a0<\/div><div class=\"otQkpb\" role=\"heading\" aria-level=\"3\" data-animation-nesting=\"\" data-sfc-cp=\"\" data-sfc-root=\"c\" data-sfc-cb=\"\" data-complete=\"true\" data-processed=\"true\" data-sae=\"\">Megfelel\u0151s\u00e9gi st\u00e1tusz<\/div><div role=\"heading\" aria-level=\"3\" data-animation-nesting=\"\" data-sfc-cp=\"\" data-sfc-root=\"c\" data-sfc-cb=\"\" data-complete=\"true\" data-processed=\"true\" data-sae=\"\">\u00a0<\/div><div class=\"otQkpb\" role=\"heading\" aria-level=\"3\" data-animation-nesting=\"\" data-sfc-cp=\"\" data-sfc-root=\"c\" data-sfc-cb=\"\" data-complete=\"true\" data-processed=\"true\" data-sae=\"\"><strong class=\"Yjhzub\" style=\"font-style: italic; font-family: -apple-system, BlinkMacSystemFont, 'Segoe UI', Roboto, 'Helvetica Neue', Arial, 'Noto Sans', sans-serif, 'Apple Color Emoji', 'Segoe UI Emoji', 'Segoe UI Symbol', 'Noto Color Emoji';\" data-sfc-root=\"c\" data-sfc-cb=\"\" data-complete=\"true\">Akad\u00e1lymentes\u00edt\u00e9si seg\u00e9deszk\u00f6z\u00f6k \u00e9s funkci\u00f3k:<\/strong><\/div><div role=\"heading\" aria-level=\"3\" data-animation-nesting=\"\" data-sfc-cp=\"\" data-sfc-root=\"c\" data-sfc-cb=\"\" data-complete=\"true\" data-processed=\"true\" data-sae=\"\"><blockquote class=\"lQkWXb\" data-animation-nesting=\"\" data-sfc-root=\"c\" data-sfc-cb=\"\" data-complete=\"true\" data-processed=\"true\" data-sae=\"\"><div class=\"Y3BBE\" data-sfc-cp=\"\" data-sfc-root=\"c\" data-sfc-cb=\"\" data-hveid=\"CAEIBBAC\" data-complete=\"true\">A honlap arculati k\u00f6t\u00f6tts\u00e9gei (sz\u00ednek, tipogr\u00e1fia) mellett a teljes k\u00f6r\u0171 hozz\u00e1f\u00e9rhet\u0151s\u00e9get a weboldalon elhelyezett\u00a0<strong class=\"Yjhzub\" data-sfc-root=\"c\" data-sfc-cb=\"\" data-complete=\"true\">akad\u00e1lymentes\u00edt\u0151 modul (Widget)<\/strong>\u00a0biztos\u00edtja. A felhaszn\u00e1l\u00f3k az oldal sz\u00e9l\u00e9n tal\u00e1lhat\u00f3 ikonra kattintva az al\u00e1bbi funkci\u00f3kat \u00e9rhetik el a szem\u00e9lyre szabott b\u00f6ng\u00e9sz\u00e9shez:<\/div><ul class=\"KsbFXc U6u95\" data-sfc-root=\"c\" data-sfc-cb=\"\" data-complete=\"true\"><li class=\"dF3vjf\" data-sfc-root=\"c\" data-sfc-cb=\"\" data-hveid=\"CAEIBBAD\" data-complete=\"true\" data-sae=\"\"><span class=\"T286Pc\" data-sfc-cp=\"\" data-sfc-root=\"c\" data-sfc-cb=\"\" data-complete=\"true\"><strong class=\"Yjhzub\" data-sfc-root=\"c\" data-sfc-cb=\"\" data-complete=\"true\">Kontrasztar\u00e1ny jav\u00edt\u00e1sa:<\/strong>\u00a0Magas kontraszt\u00fa n\u00e9zet, negat\u00edv kontraszt vagy monokr\u00f3m (sz\u00fcrke\u00e1rnyalatos) megjelen\u00edt\u00e9s v\u00e1laszt\u00e1sa a jobb olvashat\u00f3s\u00e1g \u00e9rdek\u00e9ben.<\/span><\/li><li class=\"dF3vjf\" data-sfc-root=\"c\" data-sfc-cb=\"\" data-hveid=\"CAEIBBAE\" data-complete=\"true\" data-sae=\"\"><span class=\"T286Pc\" data-sfc-cp=\"\" data-sfc-root=\"c\" data-sfc-cb=\"\" data-complete=\"true\"><strong class=\"Yjhzub\" data-sfc-root=\"c\" data-sfc-cb=\"\" data-complete=\"true\">Sz\u00f6vegm\u00e9ret \u00e9s olvashat\u00f3s\u00e1g:<\/strong>\u00a0A bet\u0171m\u00e9ret n\u00f6vel\u00e9se \u00e9s cs\u00f6kkent\u00e9se t\u00f6bb l\u00e9pcs\u0151ben, valamint az olvashat\u00f3bb bet\u0171t\u00edpusra (dyslexia-bar\u00e1t) val\u00f3 \u00e1tv\u00e1lt\u00e1s lehet\u0151s\u00e9ge.<\/span><\/li><li class=\"dF3vjf\" data-sfc-root=\"c\" data-sfc-cb=\"\" data-hveid=\"CAEIBBAF\" data-complete=\"true\" data-sae=\"\"><span class=\"T286Pc\" data-sfc-cp=\"\" data-sfc-root=\"c\" data-sfc-cb=\"\" data-complete=\"true\"><strong class=\"Yjhzub\" data-sfc-root=\"c\" data-sfc-cb=\"\" data-complete=\"true\">Vizu\u00e1lis seg\u00edts\u00e9g:<\/strong>\u00a0Az eg\u00e9rkurzor m\u00e9ret\u00e9nek n\u00f6vel\u00e9se, a hivatkoz\u00e1sok (linkek) kiemel\u00e9se \u00e9s a sz\u00f6veg sork\u00f6z\u00e9nek \u00e1ll\u00edt\u00e1sa.<\/span><\/li><li class=\"dF3vjf\" data-sfc-root=\"c\" data-sfc-cb=\"\" data-hveid=\"CAEIBBAG\" data-complete=\"true\" data-sae=\"\"><span class=\"T286Pc\" data-sfc-cp=\"\" data-sfc-root=\"c\" data-sfc-cb=\"\" data-complete=\"true\"><strong class=\"Yjhzub\" data-sfc-root=\"c\" data-sfc-cb=\"\" data-complete=\"true\">Anim\u00e1ci\u00f3k le\u00e1ll\u00edt\u00e1sa:<\/strong>\u00a0A villog\u00f3 vagy mozg\u00f3 elemek sz\u00fcneteltet\u00e9se a zavar\u00f3 vizu\u00e1lis ingerek cs\u00f6kkent\u00e9se \u00e9rdek\u00e9ben.<\/span><\/li><\/ul><div data-sfc-cp=\"\" data-sfc-root=\"c\" data-sfc-cb=\"\" data-hveid=\"CAEIBBAH\" data-complete=\"true\">\u00a0<\/div><div class=\"Y3BBE\" data-sfc-cp=\"\" data-sfc-root=\"c\" data-sfc-cb=\"\" data-hveid=\"CAEIBBAH\" data-complete=\"true\">Ezen funkci\u00f3k biztos\u00edtj\u00e1k, hogy a honlap tartalma az egy\u00e9ni ig\u00e9nyeknek megfelel\u0151en akkor is akad\u00e1lymentesen el\u00e9rhet\u0151 legyen, ha az alap\u00e9rtelmezett diz\u00e1jn bizonyos elemei (pl. sz\u00ednkontraszt) elmaradnak a minim\u00e1lis k\u00f6vetelm\u00e9nyekt\u0151l.<\/div><\/blockquote><hr class=\"j3tEEe\" data-sfc-root=\"c\" data-sfc-pl=\"|[]\" data-sfc-cb=\"\" data-complete=\"true\" data-processed=\"true\" data-sae=\"\" \/><div class=\"Fsg96\" data-sfc-cp=\"\" data-sfc-root=\"c\" data-sfc-cb=\"\" data-complete=\"true\" data-processed=\"true\">\u00a0<\/div><\/div><div class=\"Y3BBE\" data-sfc-cp=\"\" data-sfc-root=\"c\" data-sfc-cb=\"\" data-hveid=\"CAEIBxAA\" data-complete=\"true\" data-processed=\"true\">Ez a honlap\u00a0<strong class=\"Yjhzub\" data-sfc-root=\"c\" data-sfc-cb=\"\" data-complete=\"true\" data-processed=\"true\">r\u00e9szben megfelel<\/strong> a k\u00f6zszf\u00e9rabeli szervezetek honlapjainak \u00e9s mobilalkalmaz\u00e1sainak akad\u00e1lymentes\u00edt\u00e9s\u00e9r\u0151l sz\u00f3l\u00f3 2018. \u00e9vi LXXV. t\u00f6rv\u00e9nynek az al\u00e1bbiakban felsorolt hi\u00e1nyoss\u00e1gok miatt, amelyek jav\u00edt\u00e1sa folyamatos.<\/div><div class=\"Fsg96\" data-sfc-cp=\"\" data-sfc-root=\"c\" data-sfc-cb=\"\" data-complete=\"true\" data-processed=\"true\">\u00a0<\/div><div class=\"otQkpb\" role=\"heading\" aria-level=\"3\" data-animation-nesting=\"\" data-sfc-cp=\"\" data-sfc-root=\"c\" data-sfc-cb=\"\" data-complete=\"true\" data-processed=\"true\" data-sae=\"\">Nem akad\u00e1lymentes tartalom<\/div><div role=\"heading\" aria-level=\"3\" data-animation-nesting=\"\" data-sfc-cp=\"\" data-sfc-root=\"c\" data-sfc-cb=\"\" data-complete=\"true\" data-processed=\"true\" data-sae=\"\">\u00a0<\/div><div class=\"Y3BBE\" data-sfc-cp=\"\" data-sfc-root=\"c\" data-sfc-cb=\"\" data-hveid=\"CAEICRAA\" data-complete=\"true\" data-processed=\"true\">Az al\u00e1bbiakban felsorolt tartalmak az al\u00e1bbi okok miatt nem akad\u00e1lymentesek:<\/div><div class=\"Fsg96\" data-sfc-cp=\"\" data-sfc-root=\"c\" data-sfc-cb=\"\" data-complete=\"true\" data-processed=\"true\">\u00a0<\/div><div class=\"AdPoic\" role=\"heading\" aria-level=\"3\" data-animation-nesting=\"\" data-sfc-cp=\"\" data-sfc-root=\"c\" data-sfc-cb=\"\" data-complete=\"true\" data-processed=\"true\" data-sae=\"\">1. A 2018. \u00e9vi LXXV. t\u00f6rv\u00e9nynek val\u00f3 meg nem felel\u00e9s<\/div><ul class=\"KsbFXc U6u95\" data-sfc-root=\"c\" data-sfc-cb=\"\" data-complete=\"true\" data-processed=\"true\"><li class=\"dF3vjf\" data-sfc-root=\"c\" data-sfc-cb=\"\" data-hveid=\"CAEICxAA\" data-complete=\"true\" data-sae=\"\"><span class=\"T286Pc\" data-sfc-cp=\"\" data-sfc-root=\"c\" data-sfc-cb=\"\" data-complete=\"true\"><strong class=\"Yjhzub\" data-sfc-root=\"c\" data-sfc-cb=\"\" data-complete=\"true\">Sz\u00f6veges alternat\u00edv\u00e1k hi\u00e1nya (WCAG 1.1.1):<\/strong><br data-sfc-root=\"c\" data-sfc-pl=\"|[]\" data-sfc-cb=\"\" data-complete=\"true\" \/>Bizonyos nem sz\u00f6veges tartalmak (pl. dekorat\u00edv ikonok, r\u00e9gebbi gal\u00e9ri\u00e1k k\u00e9pei, r\u00f6gz\u00edtett hirdetm\u00e9nyek fot\u00f3i) nem rendelkeznek minden esetben a tartalommal egyen\u00e9rt\u00e9k\u0171 helyettes\u00edt\u0151 sz\u00f6veggel (alt text). Ennek jav\u00edt\u00e1sa a m\u00e9diat\u00e1r folyamatos fel\u00fclvizsg\u00e1lat\u00e1val t\u00f6rt\u00e9nik.<\/span><\/li><li class=\"dF3vjf\" data-sfc-root=\"c\" data-sfc-cb=\"\" data-hveid=\"CAEICxAB\" data-complete=\"true\" data-sae=\"\"><span class=\"T286Pc\" data-sfc-cp=\"\" data-sfc-root=\"c\" data-sfc-cb=\"\" data-complete=\"true\"><strong class=\"Yjhzub\" data-sfc-root=\"c\" data-sfc-cb=\"\" data-complete=\"true\">Inform\u00e1ci\u00f3k \u00e9s kapcsolatok (WCAG 1.3.1):<\/strong><br data-sfc-root=\"c\" data-sfc-pl=\"|[]\" data-sfc-cb=\"\" data-complete=\"true\" \/>Egyes r\u00e9gebbi aloldalakon a c\u00edmsorok (H1-H6) hierarchi\u00e1ja nem k\u00f6vetkezetes, ami megnehez\u00edtheti a tartalom logikai fel\u00e9p\u00edt\u00e9s\u00e9nek meg\u00e9rt\u00e9s\u00e9re a k\u00e9perny\u0151olvas\u00f3 szoftverek sz\u00e1m\u00e1ra.<\/span><\/li><li class=\"dF3vjf\" data-sfc-root=\"c\" data-sfc-cb=\"\" data-hveid=\"CAEICxAC\" data-complete=\"true\" data-sae=\"\"><span class=\"T286Pc\" data-sfc-cp=\"\" data-sfc-root=\"c\" data-sfc-cb=\"\" data-complete=\"true\"><strong class=\"Yjhzub\" data-sfc-root=\"c\" data-sfc-cb=\"\" data-complete=\"true\">Kontrasztar\u00e1ny (WCAG 1.4.3):<\/strong><br data-sfc-root=\"c\" data-sfc-pl=\"|[]\" data-sfc-cb=\"\" data-complete=\"true\" \/>A honlap arculati sz\u00edneinek (s\u00f6t\u00e9tk\u00e9k, narancs) megtart\u00e1sa mellett bizonyos sz\u00f6veges elemek (pl. metaadatok, d\u00e1tumok, inakt\u00edv gombok) kontrasztar\u00e1nya jelenleg elmarad a szab\u00e1lyos 4.5:1 \u00e9rt\u00e9kt\u0151l.\u00a0<strong class=\"Yjhzub\" data-sfc-root=\"c\" data-sfc-cb=\"\" data-complete=\"true\">A jogszab\u00e1lyban el\u0151\u00edrt minim\u00e1lis kontrasztar\u00e1nyt \u00e9s a jobb olvashat\u00f3s\u00e1got a weboldalon elhelyezett akad\u00e1lymentes\u00edt\u0151 modul (Widget) kontrasztv\u00e1lt\u00f3 funkci\u00f3ja biztos\u00edtja, amellyel a felhaszn\u00e1l\u00f3k b\u00e1rmikor \u00e1tv\u00e1lthatnak magas kontraszt\u00fa n\u00e9zetre.<\/strong><\/span><\/li><li class=\"dF3vjf\" data-sfc-root=\"c\" data-sfc-cb=\"\" data-hveid=\"CAEICxAD\" data-complete=\"true\" data-sae=\"\"><span class=\"T286Pc\" data-sfc-cp=\"\" data-sfc-root=\"c\" data-sfc-cb=\"\" data-complete=\"true\"><strong class=\"Yjhzub\" data-sfc-root=\"c\" data-sfc-cb=\"\" data-complete=\"true\">A link c\u00e9lja (kontextusban) (WCAG 2.4.4):<\/strong><br data-sfc-root=\"c\" data-sfc-pl=\"|[]\" data-sfc-cb=\"\" data-complete=\"true\" \/>N\u00e9h\u00e1ny automatikusan gener\u00e1lt hivatkoz\u00e1s (pl. \u201etov\u00e1bb\u201d gombok, k\u00e9p-linkek) sz\u00f6vege \u00f6nmag\u00e1ban nem hat\u00e1rozza meg egy\u00e9rtelm\u0171en a c\u00e9lpontot. Ezt egyedi programozott megold\u00e1sokkal (Aria-label) fokozatosan jav\u00edtjuk.<\/span><\/li><\/ul><div class=\"Fsg96\" data-sfc-cp=\"\" data-sfc-root=\"c\" data-sfc-cb=\"\" data-complete=\"true\" data-processed=\"true\">\u00a0<\/div><div class=\"AdPoic\" role=\"heading\" aria-level=\"3\" data-animation-nesting=\"\" data-sfc-cp=\"\" data-sfc-root=\"c\" data-sfc-cb=\"\" data-complete=\"true\" data-processed=\"true\" data-sae=\"\">2. Ar\u00e1nytalan teher<\/div><ul class=\"KsbFXc U6u95\" data-sfc-root=\"c\" data-sfc-cb=\"\" data-complete=\"true\" data-processed=\"true\"><li class=\"dF3vjf\" data-sfc-root=\"c\" data-sfc-cb=\"\" data-hveid=\"CAEIDRAA\" data-complete=\"true\" data-sae=\"\"><span class=\"T286Pc\" data-sfc-cp=\"\" data-sfc-root=\"c\" data-sfc-cb=\"\" data-complete=\"true\"><strong class=\"Yjhzub\" data-sfc-root=\"c\" data-sfc-cb=\"\" data-complete=\"true\">Nem sz\u00f6veges dokumentumok (PDF, DOCX):<\/strong><br data-sfc-root=\"c\" data-sfc-pl=\"|[]\" data-sfc-cb=\"\" data-complete=\"true\" \/>A hivatalos arch\u00edvumban l\u00e9v\u0151, nagy mennyis\u00e9g\u0171 szkennelt dokumentum (pl. kor\u00e1bbi k\u00e9pvisel\u0151-test\u00fcleti el\u0151terjeszt\u00e9sek, jegyz\u0151k\u00f6nyvek, tervrajzok) technikai okokb\u00f3l nem rendelkezik sz\u00f6veges r\u00e9teggel. Ezek ut\u00f3lagos, teljes k\u00f6r\u0171 akad\u00e1lymentes\u00edt\u00e9se a dokumentumok sz\u00e1ma \u00e9s jellege miatt ar\u00e1nytalan terhet jelent az \u00d6nkorm\u00e1nyzat sz\u00e1m\u00e1ra. Ig\u00e9ny eset\u00e9n azonban az \u00d6nkorm\u00e1nyzat t\u00f6rekszik a k\u00e9rt tartalom hozz\u00e1f\u00e9rhet\u0151 form\u00e1ban t\u00f6rt\u00e9n\u0151 rendelkez\u00e9sre bocs\u00e1t\u00e1s\u00e1ra.<\/span><\/li><\/ul><div class=\"Fsg96\" data-sfc-cp=\"\" data-sfc-root=\"c\" data-sfc-cb=\"\" data-complete=\"true\" data-processed=\"true\">\u00a0<\/div><div class=\"AdPoic\" role=\"heading\" aria-level=\"3\" data-animation-nesting=\"\" data-sfc-cp=\"\" data-sfc-root=\"c\" data-sfc-cb=\"\" data-complete=\"true\" data-processed=\"true\" data-sae=\"\">3. A tartalom nem tartozik az alkalmazand\u00f3 jogszab\u00e1lyok hat\u00e1lya al\u00e1<\/div><ul class=\"KsbFXc U6u95\" data-sfc-root=\"c\" data-sfc-cb=\"\" data-complete=\"true\" data-processed=\"true\"><li class=\"dF3vjf\" data-sfc-root=\"c\" data-sfc-cb=\"\" data-hveid=\"CAEIDxAA\" data-complete=\"true\" data-sae=\"\"><span class=\"T286Pc\" data-sfc-cp=\"\" data-sfc-root=\"c\" data-sfc-cb=\"\" data-complete=\"true\"><strong class=\"Yjhzub\" data-sfc-root=\"c\" data-sfc-cb=\"\" data-complete=\"true\">Harmadik f\u00e9lt\u0151l sz\u00e1rmaz\u00f3 tartalmak:<\/strong><br data-sfc-root=\"c\" data-sfc-pl=\"|[]\" data-sfc-cb=\"\" data-complete=\"true\" \/>A honlapba \u00e1gyazott k\u00fcls\u0151 szolg\u00e1ltat\u00e1sok, mint p\u00e9ld\u00e1ul a Google Maps t\u00e9rk\u00e9pek, YouTube vide\u00f3lej\u00e1tsz\u00f3, vagy k\u00fcls\u0151 k\u00f6z\u00f6ss\u00e9gi m\u00e9dia b\u0151v\u00edtm\u00e9nyek akad\u00e1lymentess\u00e9g\u00e9\u00e9rt az \u00d6nkorm\u00e1nyzat nem tud felel\u0151ss\u00e9get v\u00e1llalni, mivel azok k\u00f3dja felett nincs ellen\u0151rz\u00e9se.<\/span><\/li><\/ul><div class=\"Fsg96\" data-sfc-cp=\"\" data-sfc-root=\"c\" data-sfc-cb=\"\" data-complete=\"true\" data-processed=\"true\">\u00a0<\/div><div class=\"otQkpb\" role=\"heading\" aria-level=\"3\" data-animation-nesting=\"\" data-sfc-cp=\"\" data-sfc-root=\"c\" data-sfc-cb=\"\" data-complete=\"true\" data-processed=\"true\" data-sae=\"\">A nyilatkozat elk\u00e9sz\u00edt\u00e9se<\/div><div role=\"heading\" aria-level=\"3\" data-animation-nesting=\"\" data-sfc-cp=\"\" data-sfc-root=\"c\" data-sfc-cb=\"\" data-complete=\"true\" data-processed=\"true\" data-sae=\"\">\u00a0<\/div><div class=\"Y3BBE\" data-sfc-cp=\"\" data-sfc-root=\"c\" data-sfc-cb=\"\" data-hveid=\"CAEIERAA\" data-complete=\"true\" data-processed=\"true\">Ez a nyilatkozat\u00a0<strong class=\"Yjhzub\" data-sfc-root=\"c\" data-sfc-cb=\"\" data-complete=\"true\" data-processed=\"true\">2026. m\u00e1rcius 31-\u00e9n<\/strong> k\u00e9sz\u00fclt, az \u00d6nkorm\u00e1nyzat \u00f6n\u00e9rt\u00e9kel\u00e9se alapj\u00e1n. Az \u00d6nkorm\u00e1nyzat folyamatosan dolgozik a technikai hib\u00e1k (linkek elnevez\u00e9se, k\u00e9pek feliratoz\u00e1sa, k\u00f3dstrukt\u00fara tiszt\u00edt\u00e1sa) kijav\u00edt\u00e1s\u00e1n. A jav\u00edt\u00e1sok ut\u00e1n a d\u00e1tum \u00e9s a nyilatkozat sz\u00f6vege a val\u00f3s\u00e1gnak megfelel\u0151en friss\u00edt\u00e9sre ker\u00fcl.<\/div><div class=\"Fsg96\" data-sfc-cp=\"\" data-sfc-root=\"c\" data-sfc-cb=\"\" data-complete=\"true\" data-processed=\"true\">\u00a0<\/div><div class=\"otQkpb\" role=\"heading\" aria-level=\"3\" data-animation-nesting=\"\" data-sfc-cp=\"\" data-sfc-root=\"c\" data-sfc-cb=\"\" data-complete=\"true\" data-processed=\"true\" data-sae=\"\">Visszajelz\u00e9s \u00e9s el\u00e9rhet\u0151s\u00e9gek<\/div><div role=\"heading\" aria-level=\"3\" data-animation-nesting=\"\" data-sfc-cp=\"\" data-sfc-root=\"c\" data-sfc-cb=\"\" data-complete=\"true\" data-processed=\"true\" data-sae=\"\">\u00a0<\/div><div class=\"Y3BBE\" data-sfc-cp=\"\" data-sfc-root=\"c\" data-sfc-cb=\"\" data-hveid=\"CAEIExAA\" data-complete=\"true\" data-processed=\"true\">Az esetleges megfelel\u0151s\u00e9gi hi\u00e1nyoss\u00e1gokat vagy \u00e9szrev\u00e9teleket az al\u00e1bbi el\u00e9rhet\u0151s\u00e9gen jelezheti:<\/div><ul class=\"KsbFXc U6u95\" data-sfc-root=\"c\" data-sfc-cb=\"\" data-complete=\"true\" data-processed=\"true\"><li class=\"dF3vjf\" data-sfc-root=\"c\" data-sfc-cb=\"\" data-hveid=\"CAEIFBAA\" data-complete=\"true\" data-sae=\"\"><span class=\"T286Pc\" data-sfc-cp=\"\" data-sfc-root=\"c\" data-sfc-cb=\"\" data-complete=\"true\"><strong class=\"Yjhzub\" data-sfc-root=\"c\" data-sfc-cb=\"\" data-complete=\"true\">E-mail:<\/strong>\u00a0celldomolk@celldomolk.hu<\/span><\/li><li class=\"dF3vjf\" data-sfc-root=\"c\" data-sfc-cb=\"\" data-hveid=\"CAEIFBAB\" data-complete=\"true\" data-sae=\"\"><span class=\"T286Pc\" data-sfc-cp=\"\" data-sfc-root=\"c\" data-sfc-cb=\"\" data-complete=\"true\"><strong class=\"Yjhzub\" data-sfc-root=\"c\" data-sfc-cb=\"\" data-complete=\"true\">Postac\u00edm:<\/strong> 9500 Celld\u00f6m\u00f6lk, V\u00e1rosh\u00e1za t\u00e9r 1.<\/span><\/li><\/ul><div class=\"Y3BBE\" data-sfc-cp=\"\" data-sfc-root=\"c\" data-sfc-cb=\"\" data-hveid=\"CAEIFRAA\" data-complete=\"true\" data-processed=\"true\">Az \u00d6nkorm\u00e1nyzat a be\u00e9rkezett \u00e9szrev\u00e9telekre a jogszab\u00e1lyi el\u0151\u00edr\u00e1soknak megfelel\u0151en 30 napon bel\u00fcl v\u00e1laszol.<\/div><div class=\"Fsg96\" data-sfc-cp=\"\" data-sfc-root=\"c\" data-sfc-cb=\"\" data-complete=\"true\" data-processed=\"true\">\u00a0<\/div><div class=\"otQkpb\" role=\"heading\" aria-level=\"3\" data-animation-nesting=\"\" data-sfc-cp=\"\" data-sfc-root=\"c\" data-sfc-cb=\"\" data-complete=\"true\" data-processed=\"true\" data-sae=\"\">V\u00e9grehajt\u00e1si elj\u00e1r\u00e1s<\/div><div role=\"heading\" aria-level=\"3\" data-animation-nesting=\"\" data-sfc-cp=\"\" data-sfc-root=\"c\" data-sfc-cb=\"\" data-complete=\"true\" data-processed=\"true\" data-sae=\"\">\u00a0<\/div><div class=\"Y3BBE\" data-sfc-cp=\"\" data-sfc-root=\"c\" data-sfc-cb=\"\" data-hveid=\"CAEIFxAA\" data-complete=\"true\" data-processed=\"true\">Amennyiben a visszajelz\u00e9sre k\u00fcld\u00f6tt v\u00e1lasz nem kiel\u00e9g\u00edt\u0151, \u00d6n bejelent\u00e9ssel \u00e9lhet a felettes szerv fel\u00e9:<\/div><ul class=\"KsbFXc U6u95\" data-sfc-root=\"c\" data-sfc-cb=\"\" data-complete=\"true\" data-processed=\"true\"><li class=\"dF3vjf\" data-sfc-root=\"c\" data-sfc-cb=\"\" data-hveid=\"CAEIGBAA\" data-complete=\"true\" data-sae=\"\"><span class=\"T286Pc\" data-sfc-cp=\"\" data-sfc-root=\"c\" data-sfc-cb=\"\" data-complete=\"true\"><strong class=\"Yjhzub\" data-sfc-root=\"c\" data-sfc-cb=\"\" data-complete=\"true\">Szervezet:<\/strong>\u00a0Korm\u00e1nyzati Informatikai Fejleszt\u00e9si \u00dcgyn\u00f6ks\u00e9g (KIF\u00dc)<\/span><\/li><li class=\"dF3vjf\" data-sfc-root=\"c\" data-sfc-cb=\"\" data-hveid=\"CAEIGBAB\" data-complete=\"true\" data-sae=\"\"><span class=\"T286Pc\" data-sfc-cp=\"\" data-sfc-root=\"c\" data-sfc-cb=\"\" data-complete=\"true\"><strong class=\"Yjhzub\" data-sfc-root=\"c\" data-sfc-cb=\"\" data-complete=\"true\">Honlap:<\/strong>\u00a0<span class=\"T286Pc\" data-sfc-cp=\"\" data-sfc-root=\"c\" data-sfc-cb=\"\" data-complete=\"true\" aria-owns=\"action-menu-parent-container\">kifu.gov.hu<\/span><\/span><\/li><\/ul>\t\t\t\t\t\t\t\t<\/div>\n\t\t\t\t\t<\/div>\n\t\t\t\t<\/div>\n\t\t\t\t<\/div>","protected":false},"excerpt":{"rendered":"<p>CELLD\u00d6M\u00d6LK Celld\u00f6m\u00f6lk V\u00e1ros \u00d6nkorm\u00e1nyzata\u00a0(a tov\u00e1bbiakban: \u00d6nkorm\u00e1nyzat) elk\u00f6telezett amellett, hogy honlapj\u00e1t a k\u00f6zszf\u00e9rabeli szervezetek honlapjainak \u00e9s mobilalkalmaz\u00e1sainak akad\u00e1lymentes\u00edt\u00e9s\u00e9r\u0151l sz\u00f3l\u00f3\u00a02018. \u00e9vi LXXV. t\u00f6rv\u00e9ny szerint akad\u00e1lymentess\u00e9 tegye.Ez az akad\u00e1lymentes\u00edt\u00e9si nyilatkozat a\u00a0www.celldomolk.hu honlapra vonatkozik.\u00a0Megfelel\u0151s\u00e9gi st\u00e1tusz\u00a0Akad\u00e1lymentes\u00edt\u00e9si seg\u00e9deszk\u00f6z\u00f6k \u00e9s funkci\u00f3k: A honlap arculati k\u00f6t\u00f6tts\u00e9gei (sz\u00ednek, tipogr\u00e1fia) mellett a teljes k\u00f6r\u0171 hozz\u00e1f\u00e9rhet\u0151s\u00e9get a weboldalon elhelyezett\u00a0akad\u00e1lymentes\u00edt\u0151 modul (Widget)\u00a0biztos\u00edtja. A felhaszn\u00e1l\u00f3k az oldal sz\u00e9l\u00e9n [&hellip;]<\/p>\n","protected":false},"author":1,"featured_media":0,"parent":0,"menu_order":0,"comment_status":"closed","ping_status":"closed","template":"","meta":{"footnotes":""},"class_list":["post-3105","page","type-page","status-publish","hentry"],"_links":{"self":[{"href":"https:\/\/celldomolk.hu\/en\/wp-json\/wp\/v2\/pages\/3105","targetHints":{"allow":["GET"]}}],"collection":[{"href":"https:\/\/celldomolk.hu\/en\/wp-json\/wp\/v2\/pages"}],"about":[{"href":"https:\/\/celldomolk.hu\/en\/wp-json\/wp\/v2\/types\/page"}],"author":[{"embeddable":true,"href":"https:\/\/celldomolk.hu\/en\/wp-json\/wp\/v2\/users\/1"}],"replies":[{"embeddable":true,"href":"https:\/\/celldomolk.hu\/en\/wp-json\/wp\/v2\/comments?post=3105"}],"version-history":[{"count":0,"href":"https:\/\/celldomolk.hu\/en\/wp-json\/wp\/v2\/pages\/3105\/revisions"}],"wp:attachment":[{"href":"https:\/\/celldomolk.hu\/en\/wp-json\/wp\/v2\/media?parent=3105"}],"curies":[{"name":"wp","href":"https:\/\/api.w.org\/{rel}","templated":true}]}}