{"id":2373,"date":"2026-03-16T11:09:58","date_gmt":"2026-03-16T11:09:58","guid":{"rendered":"https:\/\/celldomolk.hu\/?page_id=2373"},"modified":"2026-03-16T11:13:20","modified_gmt":"2026-03-16T11:13:20","slug":"az-onkormanyzat-reszesedesevel-mukodo-gazdasagi-tarsasagok","status":"publish","type":"page","link":"https:\/\/celldomolk.hu\/en\/az-onkormanyzat-reszesedesevel-mukodo-gazdasagi-tarsasagok\/","title":{"rendered":"Az \u00f6nkorm\u00e1nyzat r\u00e9szesed\u00e9s\u00e9vel m\u0171k\u00f6d\u0151 gazdas\u00e1gi t\u00e1rsas\u00e1gok"},"content":{"rendered":"<div data-elementor-type=\"wp-page\" data-elementor-id=\"2373\" class=\"elementor elementor-2373\" data-elementor-post-type=\"page\">\n\t\t\t\t<div class=\"elementor-element elementor-element-6d702f62 e-con-full e-flex e-con e-parent\" data-id=\"6d702f62\" data-element_type=\"container\" data-e-type=\"container\" data-settings=\"{&quot;background_background&quot;:&quot;classic&quot;}\">\n\t\t<div class=\"elementor-element elementor-element-e75ffc0 e-con-full e-flex e-con e-child\" data-id=\"e75ffc0\" data-element_type=\"container\" data-e-type=\"container\">\n\t\t\t\t<\/div>\n\t\t\t\t<div class=\"elementor-element elementor-element-35b0b0ce elementor-absolute e-transform e-transform e-transform elementor-hidden-mobile elementor-invisible elementor-widget elementor-widget-heading\" data-id=\"35b0b0ce\" data-element_type=\"widget\" data-e-type=\"widget\" data-settings=\"{&quot;_position&quot;:&quot;absolute&quot;,&quot;_animation&quot;:&quot;fadeInLeft&quot;,&quot;_animation_delay&quot;:300,&quot;_transform_rotateZ_effect&quot;:{&quot;unit&quot;:&quot;px&quot;,&quot;size&quot;:270,&quot;sizes&quot;:[]},&quot;_transform_flipX_effect&quot;:&quot;transform&quot;,&quot;_transform_flipY_effect&quot;:&quot;transform&quot;,&quot;_transform_rotateZ_effect_tablet&quot;:{&quot;unit&quot;:&quot;deg&quot;,&quot;size&quot;:&quot;&quot;,&quot;sizes&quot;:[]},&quot;_transform_rotateZ_effect_mobile&quot;:{&quot;unit&quot;:&quot;deg&quot;,&quot;size&quot;:&quot;&quot;,&quot;sizes&quot;:[]}}\" data-widget_type=\"heading.default\">\n\t\t\t\t\t<div class=\"elementor-heading-title elementor-size-default\">CELLD\u00d6M\u00d6LK<\/div>\t\t\t\t<\/div>\n\t\t\t\t<\/div>\n\t\t<div class=\"elementor-element elementor-element-2b5e1881 e-flex e-con-boxed e-con e-parent\" data-id=\"2b5e1881\" data-element_type=\"container\" data-e-type=\"container\">\n\t\t\t\t\t<div class=\"e-con-inner\">\n\t\t<div class=\"elementor-element elementor-element-39917242 e-con-full e-grid e-con e-child\" data-id=\"39917242\" data-element_type=\"container\" data-e-type=\"container\">\n\t\t<div class=\"elementor-element elementor-element-42b4e709 e-con-full e-flex e-con e-child\" data-id=\"42b4e709\" data-element_type=\"container\" data-e-type=\"container\" data-settings=\"{&quot;background_background&quot;:&quot;classic&quot;}\">\n\t\t\t\t<div class=\"elementor-element elementor-element-658b085 elementor-widget elementor-widget-icon-box\" data-id=\"658b085\" data-element_type=\"widget\" data-e-type=\"widget\" data-widget_type=\"icon-box.default\">\n\t\t\t\t\t\t\t<div class=\"elementor-icon-box-wrapper\">\n\n\t\t\t\n\t\t\t\t\t\t<div class=\"elementor-icon-box-content\">\n\n\t\t\t\t\t\t\t\t\t<span class=\"elementor-icon-box-title\">\n\t\t\t\t\t\t<span  >\n\t\t\t\t\t\t\tKemenes Szolg\u00e1ltat\u00f3 Kft.\t\t\t\t\t\t<\/span>\n\t\t\t\t\t<\/span>\n\t\t\t\t\n\t\t\t\t\t\t\t\t\t<p class=\"elementor-icon-box-description\">\n\t\t\t\t\t\t9500 Celld\u00f6m\u00f6lk,  S\u00e1ghegyalja k\u00f6r\u00fat 1.\t\t\t\t\t<\/p>\n\t\t\t\t\n\t\t\t<\/div>\n\t\t\t\n\t\t<\/div>\n\t\t\t\t\t\t<\/div>\n\t\t\t\t<div class=\"elementor-element elementor-element-84c86a4 elementor-widget elementor-widget-text-editor\" data-id=\"84c86a4\" data-element_type=\"widget\" data-e-type=\"widget\" data-widget_type=\"text-editor.default\">\n\t\t\t\t\t\t\t\t\t<p>\u00dcgyvezet\u0151 igazgat\u00f3: Tulok Gabriella<\/p><p>Telefon: <span style=\"font-weight: 400;\">95\/777-400<\/span><\/p><p>Email: <a href=\"mailto:igazgato@kemenesvulkanpark.hu\"><span style=\"font-weight: 400;\">igazgato@kemenesvulkanpark.hu<\/span><\/a><\/p><p>Az \u00f6nkorm\u00e1nyzat <span style=\"font-weight: 400;\">r\u00e9szesed\u00e9s\u00e9nek m\u00e9rt\u00e9ke<\/span>: 100%<\/p><p><a href=\"https:\/\/letoltes.celldomolk.hu\/docs\/javadalmazasi\/Javadalmazasi_szabalyzat_Kemenes_Szolgaltato_Kft.pdf\"><span style=\"font-weight: 400;\">Javadalmaz\u00e1si szab\u00e1lyzat<\/span><\/a><\/p>\t\t\t\t\t\t\t\t<\/div>\n\t\t\t\t<\/div>\n\t\t<div class=\"elementor-element elementor-element-108f5f17 e-con-full e-flex e-con e-child\" data-id=\"108f5f17\" data-element_type=\"container\" data-e-type=\"container\" data-settings=\"{&quot;background_background&quot;:&quot;classic&quot;}\">\n\t\t\t\t<div class=\"elementor-element elementor-element-3647116d elementor-widget elementor-widget-icon-box\" data-id=\"3647116d\" data-element_type=\"widget\" data-e-type=\"widget\" data-widget_type=\"icon-box.default\">\n\t\t\t\t\t\t\t<div class=\"elementor-icon-box-wrapper\">\n\n\t\t\t\n\t\t\t\t\t\t<div class=\"elementor-icon-box-content\">\n\n\t\t\t\t\t\t\t\t\t<span class=\"elementor-icon-box-title\">\n\t\t\t\t\t\t<span  >\n\t\t\t\t\t\t\tVasiv\u00edz Zrt.\t\t\t\t\t\t<\/span>\n\t\t\t\t\t<\/span>\n\t\t\t\t\n\t\t\t\t\t\t\t\t\t<p class=\"elementor-icon-box-description\">\n\t\t\t\t\t\t9700 Szombathely R\u00e1k\u00f3czi F. u. 19.\t\t\t\t\t<\/p>\n\t\t\t\t\n\t\t\t<\/div>\n\t\t\t\n\t\t<\/div>\n\t\t\t\t\t\t<\/div>\n\t\t\t\t<div class=\"elementor-element elementor-element-7f23310 elementor-widget elementor-widget-text-editor\" data-id=\"7f23310\" data-element_type=\"widget\" data-e-type=\"widget\" data-widget_type=\"text-editor.default\">\n\t\t\t\t\t\t\t\t\t<p>Vez\u00e9rigazgat\u00f3: <span style=\"font-weight: 400;\">Krenner R\u00f3bert<\/span><\/p><p>Telefon: <span style=\"font-weight: 400;\">94\/ 516-255<\/span><\/p><p>Email: <a href=\"mailto:vasiviz@vasiviz.hu\"><span style=\"font-weight: 400;\">vasiviz@vasiviz.hu<\/span><\/a><\/p><p>Web: <a href=\"http:\/\/www.vasiviz.hu\"><span style=\"font-weight: 400;\">www.vasiviz.hu<\/span><\/a><\/p><p>Az \u00f6nkorm\u00e1nyzat <span style=\"font-weight: 400;\">r\u00e9szesed\u00e9s\u00e9nek m\u00e9rt\u00e9ke<\/span>: 0,01%<\/p>\t\t\t\t\t\t\t\t<\/div>\n\t\t\t\t<\/div>\n\t\t<div class=\"elementor-element elementor-element-d3f98ba e-con-full e-flex e-con e-child\" data-id=\"d3f98ba\" data-element_type=\"container\" data-e-type=\"container\" data-settings=\"{&quot;background_background&quot;:&quot;classic&quot;}\">\n\t\t\t\t<div class=\"elementor-element elementor-element-d4c657a elementor-widget elementor-widget-icon-box\" data-id=\"d4c657a\" data-element_type=\"widget\" data-e-type=\"widget\" data-widget_type=\"icon-box.default\">\n\t\t\t\t\t\t\t<div class=\"elementor-icon-box-wrapper\">\n\n\t\t\t\n\t\t\t\t\t\t<div class=\"elementor-icon-box-content\">\n\n\t\t\t\t\t\t\t\t\t<span class=\"elementor-icon-box-title\">\n\t\t\t\t\t\t<span  >\n\t\t\t\t\t\t\tCelld\u00f6m\u00f6lki M\u00e9dia Nonprofit K\u00f6zhaszn\u00fa Korl\u00e1tolt Felel\u0151ss\u00e9g\u0171 T\u00e1rsas\u00e1g\t\t\t\t\t\t<\/span>\n\t\t\t\t\t<\/span>\n\t\t\t\t\n\t\t\t\t\t\t\t\t\t<p class=\"elementor-icon-box-description\">\n\t\t\t\t\t\t9500 Celld\u00f6m\u00f6lk, dr. G\u00e9fin L. t\u00e9r 1.\t\t\t\t\t<\/p>\n\t\t\t\t\n\t\t\t<\/div>\n\t\t\t\n\t\t<\/div>\n\t\t\t\t\t\t<\/div>\n\t\t\t\t<div class=\"elementor-element elementor-element-84c6d11 elementor-widget elementor-widget-text-editor\" data-id=\"84c6d11\" data-element_type=\"widget\" data-e-type=\"widget\" data-widget_type=\"text-editor.default\">\n\t\t\t\t\t\t\t\t\t<p>\u00dcgyvezet\u0151 igazgat\u00f3: <span style=\"font-weight: 400;\">Dr. Nov\u00e1k Fanni M\u00f3nika<\/span><\/p><p>Telefon: <span style=\"font-weight: 400;\">06-70\/708-3741<\/span><\/p><p>Fax: <span style=\"font-weight: 400;\">95\/420-304<\/span><\/p><p>Email: <a href=\"mailto:tvcell2004@gmail.com\"><span style=\"font-weight: 400;\">tvcell2004@gmail.com<\/span><\/a><\/p><p>Web: <a href=\"http:\/\/www.tv-cell.hu\"><span style=\"font-weight: 400;\">www.tv-cell.hu<\/span><\/a><\/p><p>Az \u00f6nkorm\u00e1nyzat <span style=\"font-weight: 400;\">r\u00e9szesed\u00e9s\u00e9nek m\u00e9rt\u00e9ke<\/span>: 100%<\/p><p><a href=\"https:\/\/letoltes.celldomolk.hu\/docs\/javadalmazasi\/Javadalmazasi_szabalyzat_Celldomolki_Media.pdf\">Javadalmaz\u00e1si szab\u00e1lyzat<\/a><\/p><p><a href=\"https:\/\/letoltes.celldomolk.hu\/docs\/javadalmazasi\/Javadalmazasi_szabalyzat_Celldomolki_Media_1_mod.pdf\">Javadalmaz\u00e1si szab\u00e1lyzat 1.sz.m\u00f3dos\u00edt\u00e1sa<\/a><\/p>\t\t\t\t\t\t\t\t<\/div>\n\t\t\t\t<\/div>\n\t\t<div class=\"elementor-element elementor-element-602c1f9 e-con-full e-flex e-con e-child\" data-id=\"602c1f9\" data-element_type=\"container\" data-e-type=\"container\" data-settings=\"{&quot;background_background&quot;:&quot;classic&quot;}\">\n\t\t\t\t<div class=\"elementor-element elementor-element-a5f54b9 elementor-widget elementor-widget-icon-box\" data-id=\"a5f54b9\" data-element_type=\"widget\" data-e-type=\"widget\" data-widget_type=\"icon-box.default\">\n\t\t\t\t\t\t\t<div class=\"elementor-icon-box-wrapper\">\n\n\t\t\t\n\t\t\t\t\t\t<div class=\"elementor-icon-box-content\">\n\n\t\t\t\t\t\t\t\t\t<span class=\"elementor-icon-box-title\">\n\t\t\t\t\t\t<span  >\n\t\t\t\t\t\t\tVulk\u00e1n Gy\u00f3gy- \u00e9s \u00c9lm\u00e9nyf\u00fcrd\u0151 Kft.\t\t\t\t\t\t<\/span>\n\t\t\t\t\t<\/span>\n\t\t\t\t\n\t\t\t\t\t\t\t\t\t<p class=\"elementor-icon-box-description\">\n\t\t\t\t\t\t9500 Celld\u00f6m\u00f6lk, Sport u. 8.\t\t\t\t\t<\/p>\n\t\t\t\t\n\t\t\t<\/div>\n\t\t\t\n\t\t<\/div>\n\t\t\t\t\t\t<\/div>\n\t\t\t\t<div class=\"elementor-element elementor-element-68d4022 elementor-widget elementor-widget-text-editor\" data-id=\"68d4022\" data-element_type=\"widget\" data-e-type=\"widget\" data-widget_type=\"text-editor.default\">\n\t\t\t\t\t\t\t\t\t<p>Igazgat\u00f3: <span style=\"font-weight: 400;\">Kontics Ilona\u00a0<\/span><\/p><p>Telefon: <span style=\"font-weight: 400;\">06-95\/525-070<\/span><\/p><p>Fax: <span style=\"font-weight: 400;\">95\/421-835<\/span><\/p><p>Email: <a href=\"mailto:info@vulkanfurdo.hu\"><span style=\"font-weight: 400;\">info@vulkanfurdo.hu<\/span><\/a><\/p><p>Web: http:\/\/www.vulkanfurdo.hu<\/p><p>Az \u00f6nkorm\u00e1nyzat <span style=\"font-weight: 400;\">r\u00e9szesed\u00e9s\u00e9nek m\u00e9rt\u00e9ke<\/span>: 100%<\/p><p><a href=\"https:\/\/letoltes.celldomolk.hu\/docs\/javadalmazasi\/Javadalmazasi_szabalyzat_Vulkan_furdo.pdf\">Javadalmaz\u00e1si szab\u00e1lyzat<\/a><\/p><p>Javadalmaz\u00e1si szab\u00e1lyzat 1.sz.m\u00f3dos\u00edt\u00e1sa<\/p>\t\t\t\t\t\t\t\t<\/div>\n\t\t\t\t<\/div>\n\t\t\t\t<\/div>\n\t\t\t\t\t<\/div>\n\t\t\t\t<\/div>\n\t\t\t\t<\/div>","protected":false},"excerpt":{"rendered":"<p>CELLD\u00d6M\u00d6LK Kemenes Szolg\u00e1ltat\u00f3 Kft. 9500 Celld\u00f6m\u00f6lk, S\u00e1ghegyalja k\u00f6r\u00fat 1. \u00dcgyvezet\u0151 igazgat\u00f3: Tulok Gabriella Telefon: 95\/777-400 Email: igazgato@kemenesvulkanpark.hu Az \u00f6nkorm\u00e1nyzat r\u00e9szesed\u00e9s\u00e9nek m\u00e9rt\u00e9ke: 100% Javadalmaz\u00e1si szab\u00e1lyzat Vasiv\u00edz Zrt. 9700 Szombathely R\u00e1k\u00f3czi F. u. 19. Vez\u00e9rigazgat\u00f3: Krenner R\u00f3bert Telefon: 94\/ 516-255 Email: vasiviz@vasiviz.hu Web: www.vasiviz.hu Az \u00f6nkorm\u00e1nyzat r\u00e9szesed\u00e9s\u00e9nek m\u00e9rt\u00e9ke: 0,01% Celld\u00f6m\u00f6lki M\u00e9dia Nonprofit K\u00f6zhaszn\u00fa Korl\u00e1tolt Felel\u0151ss\u00e9g\u0171 T\u00e1rsas\u00e1g 9500 [&hellip;]<\/p>\n","protected":false},"author":1,"featured_media":0,"parent":0,"menu_order":0,"comment_status":"closed","ping_status":"closed","template":"","meta":{"footnotes":""},"class_list":["post-2373","page","type-page","status-publish","hentry"],"_links":{"self":[{"href":"https:\/\/celldomolk.hu\/en\/wp-json\/wp\/v2\/pages\/2373","targetHints":{"allow":["GET"]}}],"collection":[{"href":"https:\/\/celldomolk.hu\/en\/wp-json\/wp\/v2\/pages"}],"about":[{"href":"https:\/\/celldomolk.hu\/en\/wp-json\/wp\/v2\/types\/page"}],"author":[{"embeddable":true,"href":"https:\/\/celldomolk.hu\/en\/wp-json\/wp\/v2\/users\/1"}],"replies":[{"embeddable":true,"href":"https:\/\/celldomolk.hu\/en\/wp-json\/wp\/v2\/comments?post=2373"}],"version-history":[{"count":0,"href":"https:\/\/celldomolk.hu\/en\/wp-json\/wp\/v2\/pages\/2373\/revisions"}],"wp:attachment":[{"href":"https:\/\/celldomolk.hu\/en\/wp-json\/wp\/v2\/media?parent=2373"}],"curies":[{"name":"wp","href":"https:\/\/api.w.org\/{rel}","templated":true}]}}