{"id":2358,"date":"2026-03-16T10:30:54","date_gmt":"2026-03-16T10:30:54","guid":{"rendered":"https:\/\/celldomolk.hu\/?page_id=2358"},"modified":"2026-03-16T10:34:38","modified_gmt":"2026-03-16T10:34:38","slug":"tarsulasok","status":"publish","type":"page","link":"https:\/\/celldomolk.hu\/en\/tarsulasok\/","title":{"rendered":"T\u00e1rsul\u00e1sok"},"content":{"rendered":"<div data-elementor-type=\"wp-page\" data-elementor-id=\"2358\" class=\"elementor elementor-2358\" data-elementor-post-type=\"page\">\n\t\t\t\t<div class=\"elementor-element elementor-element-6d702f62 e-con-full e-flex e-con e-parent\" data-id=\"6d702f62\" data-element_type=\"container\" data-e-type=\"container\" data-settings=\"{&quot;background_background&quot;:&quot;classic&quot;}\">\n\t\t<div class=\"elementor-element elementor-element-e75ffc0 e-con-full e-flex e-con e-child\" data-id=\"e75ffc0\" data-element_type=\"container\" data-e-type=\"container\">\n\t\t\t\t<\/div>\n\t\t\t\t<div class=\"elementor-element elementor-element-35b0b0ce elementor-absolute e-transform e-transform e-transform elementor-hidden-mobile elementor-invisible elementor-widget elementor-widget-heading\" data-id=\"35b0b0ce\" data-element_type=\"widget\" data-e-type=\"widget\" data-settings=\"{&quot;_position&quot;:&quot;absolute&quot;,&quot;_animation&quot;:&quot;fadeInLeft&quot;,&quot;_animation_delay&quot;:300,&quot;_transform_rotateZ_effect&quot;:{&quot;unit&quot;:&quot;px&quot;,&quot;size&quot;:270,&quot;sizes&quot;:[]},&quot;_transform_flipX_effect&quot;:&quot;transform&quot;,&quot;_transform_flipY_effect&quot;:&quot;transform&quot;,&quot;_transform_rotateZ_effect_tablet&quot;:{&quot;unit&quot;:&quot;deg&quot;,&quot;size&quot;:&quot;&quot;,&quot;sizes&quot;:[]},&quot;_transform_rotateZ_effect_mobile&quot;:{&quot;unit&quot;:&quot;deg&quot;,&quot;size&quot;:&quot;&quot;,&quot;sizes&quot;:[]}}\" data-widget_type=\"heading.default\">\n\t\t\t\t\t<div class=\"elementor-heading-title elementor-size-default\">CELLD\u00d6M\u00d6LK<\/div>\t\t\t\t<\/div>\n\t\t\t\t<\/div>\n\t\t<div class=\"elementor-element elementor-element-6097a7d e-flex e-con-boxed e-con e-parent\" data-id=\"6097a7d\" data-element_type=\"container\" data-e-type=\"container\">\n\t\t\t\t\t<div class=\"e-con-inner\">\n\t\t\t\t<div class=\"elementor-element elementor-element-7f414f7 elementor-widget elementor-widget-text-editor\" data-id=\"7f414f7\" data-element_type=\"widget\" data-e-type=\"widget\" data-widget_type=\"text-editor.default\">\n\t\t\t\t\t\t\t\t\t<p>Celld\u00f6m\u00f6lk V\u00e1ros \u00d6nkorm\u00e1nyzata az \u00f6nkorm\u00e1nyzatokr\u00f3l sz\u00f3l\u00f3 1990. \u00e9vi LXV. t\u00f6rv\u00e9ny alapj\u00e1n feladatai hat\u00e9konyabb ell\u00e1t\u00e1sa \u00e9rdek\u00e9ben az al\u00e1bbi t\u00e1rsul\u00e1sokban vesz r\u00e9szt:<\/p><ul><li>Celld\u00f6m\u00f6lk \u00e9s K\u00f6rny\u00e9ke K\u00f6zoktat\u00e1si int\u00e9zm\u00e9nyfenntart\u00f3 T\u00e1rsul\u00e1s<\/li><li>Kemenesaljai Szoci\u00e1lis \u00e9s Gyermekj\u00f3l\u00e9ti Int\u00e9zm\u00e9nyfenntart\u00f3 T\u00e1rsul\u00e1s<\/li><li>A Nyugat-Balaton \u00e9s Zala foly\u00f3 medence nagyt\u00e9rs\u00e9gi telep\u00fcl\u00e9si szil\u00e1rd hullad\u00e9kai kezel\u00e9s\u00e9nek korszer\u0171 megold\u00e1s\u00e1ra l\u00e9trehozott \u00d6nkorm\u00e1nyzati T\u00e1rsul\u00e1s<\/li><\/ul>\t\t\t\t\t\t\t\t<\/div>\n\t\t\t\t\t<\/div>\n\t\t\t\t<\/div>\n\t\t\t\t<\/div>","protected":false},"excerpt":{"rendered":"<p>CELLD\u00d6M\u00d6LK Celld\u00f6m\u00f6lk V\u00e1ros \u00d6nkorm\u00e1nyzata az \u00f6nkorm\u00e1nyzatokr\u00f3l sz\u00f3l\u00f3 1990. \u00e9vi LXV. t\u00f6rv\u00e9ny alapj\u00e1n feladatai hat\u00e9konyabb ell\u00e1t\u00e1sa \u00e9rdek\u00e9ben az al\u00e1bbi t\u00e1rsul\u00e1sokban vesz r\u00e9szt: Celld\u00f6m\u00f6lk \u00e9s K\u00f6rny\u00e9ke K\u00f6zoktat\u00e1si int\u00e9zm\u00e9nyfenntart\u00f3 T\u00e1rsul\u00e1s Kemenesaljai Szoci\u00e1lis \u00e9s Gyermekj\u00f3l\u00e9ti Int\u00e9zm\u00e9nyfenntart\u00f3 T\u00e1rsul\u00e1s A Nyugat-Balaton \u00e9s Zala foly\u00f3 medence nagyt\u00e9rs\u00e9gi telep\u00fcl\u00e9si szil\u00e1rd hullad\u00e9kai kezel\u00e9s\u00e9nek korszer\u0171 megold\u00e1s\u00e1ra l\u00e9trehozott \u00d6nkorm\u00e1nyzati T\u00e1rsul\u00e1s<\/p>","protected":false},"author":1,"featured_media":0,"parent":0,"menu_order":0,"comment_status":"closed","ping_status":"closed","template":"","meta":{"footnotes":""},"class_list":["post-2358","page","type-page","status-publish","hentry"],"_links":{"self":[{"href":"https:\/\/celldomolk.hu\/en\/wp-json\/wp\/v2\/pages\/2358","targetHints":{"allow":["GET"]}}],"collection":[{"href":"https:\/\/celldomolk.hu\/en\/wp-json\/wp\/v2\/pages"}],"about":[{"href":"https:\/\/celldomolk.hu\/en\/wp-json\/wp\/v2\/types\/page"}],"author":[{"embeddable":true,"href":"https:\/\/celldomolk.hu\/en\/wp-json\/wp\/v2\/users\/1"}],"replies":[{"embeddable":true,"href":"https:\/\/celldomolk.hu\/en\/wp-json\/wp\/v2\/comments?post=2358"}],"version-history":[{"count":0,"href":"https:\/\/celldomolk.hu\/en\/wp-json\/wp\/v2\/pages\/2358\/revisions"}],"wp:attachment":[{"href":"https:\/\/celldomolk.hu\/en\/wp-json\/wp\/v2\/media?parent=2358"}],"curies":[{"name":"wp","href":"https:\/\/api.w.org\/{rel}","templated":true}]}}