{"id":985,"date":"2026-02-06T11:12:11","date_gmt":"2026-02-06T11:12:11","guid":{"rendered":"https:\/\/celldomolk.hu\/?page_id=985"},"modified":"2026-05-07T10:12:40","modified_gmt":"2026-05-07T08:12:40","slug":"ingatlanok","status":"publish","type":"page","link":"https:\/\/celldomolk.hu\/de\/ingatlanok\/","title":{"rendered":"Ingatlanok"},"content":{"rendered":"<div data-elementor-type=\"wp-page\" data-elementor-id=\"985\" class=\"elementor elementor-985\" data-elementor-post-type=\"page\">\n\t\t\t\t<div class=\"elementor-element elementor-element-be6b143 e-con-full e-flex e-con e-parent\" data-id=\"be6b143\" data-element_type=\"container\" data-e-type=\"container\" data-settings=\"{&quot;background_background&quot;:&quot;classic&quot;}\">\n\t\t<div class=\"elementor-element elementor-element-44c137f0 e-con-full e-flex e-con e-child\" data-id=\"44c137f0\" data-element_type=\"container\" data-e-type=\"container\">\n\t\t\t\t<div class=\"elementor-element elementor-element-af017bc elementor-mobile-align-center elementor-widget elementor-widget-button\" data-id=\"af017bc\" data-element_type=\"widget\" data-e-type=\"widget\" data-widget_type=\"button.default\">\n\t\t\t\t\t\t\t\t\t\t<a class=\"elementor-button elementor-button-link elementor-size-sm\" href=\"#ertekesites\">\n\t\t\t\t\t\t<span class=\"elementor-button-content-wrapper\">\n\t\t\t\t\t\t\t\t\t<span class=\"elementor-button-text\">\u00c9rt\u00e9kes\u00edt\u00e9s<\/span>\n\t\t\t\t\t<\/span>\n\t\t\t\t\t<\/a>\n\t\t\t\t\t\t\t\t<\/div>\n\t\t\t\t<div class=\"elementor-element elementor-element-6e0a8456 elementor-mobile-align-center elementor-widget elementor-widget-button\" data-id=\"6e0a8456\" data-element_type=\"widget\" data-e-type=\"widget\" data-widget_type=\"button.default\">\n\t\t\t\t\t\t\t\t\t\t<a class=\"elementor-button elementor-button-link elementor-size-sm\" href=\"#berbeadas\">\n\t\t\t\t\t\t<span class=\"elementor-button-content-wrapper\">\n\t\t\t\t\t\t\t\t\t<span class=\"elementor-button-text\">B\u00e9rbead\u00e1s<\/span>\n\t\t\t\t\t<\/span>\n\t\t\t\t\t<\/a>\n\t\t\t\t\t\t\t\t<\/div>\n\t\t\t\t<\/div>\n\t\t\t\t<div class=\"elementor-element elementor-element-2f8a60dc elementor-absolute e-transform e-transform e-transform elementor-hidden-mobile elementor-invisible elementor-widget elementor-widget-heading\" data-id=\"2f8a60dc\" data-element_type=\"widget\" data-e-type=\"widget\" data-settings=\"{&quot;_position&quot;:&quot;absolute&quot;,&quot;_animation&quot;:&quot;fadeInLeft&quot;,&quot;_animation_delay&quot;:300,&quot;_transform_rotateZ_effect&quot;:{&quot;unit&quot;:&quot;px&quot;,&quot;size&quot;:270,&quot;sizes&quot;:[]},&quot;_transform_flipX_effect&quot;:&quot;transform&quot;,&quot;_transform_flipY_effect&quot;:&quot;transform&quot;,&quot;_transform_rotateZ_effect_tablet&quot;:{&quot;unit&quot;:&quot;deg&quot;,&quot;size&quot;:&quot;&quot;,&quot;sizes&quot;:[]},&quot;_transform_rotateZ_effect_mobile&quot;:{&quot;unit&quot;:&quot;deg&quot;,&quot;size&quot;:&quot;&quot;,&quot;sizes&quot;:[]}}\" data-widget_type=\"heading.default\">\n\t\t\t\t\t<div class=\"elementor-heading-title elementor-size-default\">CELLD\u00d6M\u00d6LK<\/div>\t\t\t\t<\/div>\n\t\t\t\t<\/div>\n\t\t<div class=\"elementor-element elementor-element-dd84587 e-flex e-con-boxed e-con e-parent\" data-id=\"dd84587\" data-element_type=\"container\" data-e-type=\"container\">\n\t\t\t\t\t<div class=\"e-con-inner\">\n\t\t\t\t<div class=\"elementor-element elementor-element-b6ca563 elementor-widget elementor-widget-menu-anchor\" data-id=\"b6ca563\" data-element_type=\"widget\" data-e-type=\"widget\" data-widget_type=\"menu-anchor.default\">\n\t\t\t\t\t\t\t<div class=\"elementor-menu-anchor\" id=\"ertekesites\"><\/div>\n\t\t\t\t\t\t<\/div>\n\t\t\t\t<div class=\"elementor-element elementor-element-4899f9d elementor-widget elementor-widget-heading\" data-id=\"4899f9d\" data-element_type=\"widget\" data-e-type=\"widget\" data-widget_type=\"heading.default\">\n\t\t\t\t\t<h2 class=\"elementor-heading-title elementor-size-default\">\u00c9rt\u00e9kes\u00edt\u00e9s<\/h2>\t\t\t\t<\/div>\n\t\t\t\t<div class=\"elementor-element elementor-element-a944e3a elementor-widget elementor-widget-text-editor\" data-id=\"a944e3a\" data-element_type=\"widget\" data-e-type=\"widget\" data-widget_type=\"text-editor.default\">\n\t\t\t\t\t\t\t\t\t<table dir=\"ltr\" border=\"1\" cellspacing=\"0\" cellpadding=\"0\" data-sheets-root=\"1\" data-sheets-baot=\"1\"><colgroup><col width=\"344\" \/><col width=\"226\" \/><\/colgroup><tbody><tr><td>\u00a0<\/td><td>\u00a0<\/td><\/tr><tr><td>Celld\u00f6m\u00f6lk, Pet\u0151fi S\u00e1ndor utca 20. (700 hrsz.) sz. alatti 1068 m2 nagys\u00e1g\u00fa kivett lak\u00f3h\u00e1z, udvar, gazdas\u00e1gi \u00e9p\u00fclet megnevez\u00e9s\u0171 ingatlan, mely 2 db k\u00fcl\u00f6n bej\u00e1rat\u00fa komfortos lakr\u00e9sszel rendelkezik, mindk\u00e9t lakr\u00e9sz 2 szob\u00e1s, m\u00e9retei: 62 m2 \u00e9s 73 m2, helyis\u00e9gei: 2 szoba, konyha, kamra, f\u00fcrd\u0151szoba, wc, el\u0151szoba<\/td><td>Elad\u00e1si \u00e1r:<br \/>46.557.500 Ft V\u00e9teli sz\u00e1nd\u00e9knyilatkozat beny\u00fajt\u00e1si hat\u00e1rid\u0151:<br \/>2026. m\u00e1jus 22.<\/td><\/tr><tr><td>Celld\u00f6m\u00f6lk, Kossuth Lajos utca 12. II\/6. (827\/B\/16 hrsz.) sz. alatti komfortos, 44 m2 nagys\u00e1g\u00fa lak\u00e1s megnevez\u00e9s\u0171 ingatlan, helyis\u00e9gei: 1 szoba, konyha, kamra, f\u00fcrd\u0151szoba, wc, k\u00f6zleked\u0151<\/td><td>Elad\u00e1si \u00e1r:<br \/>20.585.000 Ft V\u00e9teli sz\u00e1nd\u00e9knyilatkozat beny\u00fajt\u00e1si hat\u00e1rid\u0151:<br \/>2026. m\u00e1jus 22.<\/td><\/tr><tr><td>Celld\u00f6m\u00f6lk, 1491\/7. hrsz-\u00fa 1.260m2 nagys\u00e1g\u00fa, be\u00e9p\u00edtetlen ter\u00fclet megnevez\u00e9s\u0171 ingatlan<\/td><td>Elad\u00e1si \u00e1r: 7.870.000.-Ft + \u00c1fa (brutt\u00f3 9.994.900.-Ft)<\/td><\/tr><tr><td>Celld\u00f6m\u00f6lk<br \/>1886\/19 hrsz-\u00fa 9990 m2 nagys\u00e1g\u00fa<br \/>1886\/20 hrsz-\u00fa 9990 m2 nagys\u00e1g\u00fa<br \/>1886\/21 hrsz-\u00fa 9990 m2 nagys\u00e1g\u00fa<br \/>1886\/22 hrsz-\u00fa 9990 m2 nagys\u00e1g\u00fa<br \/>1886\/23 hrsz-\u00fa 9990 m2 nagys\u00e1g\u00fa<br \/>1886\/24 hrsz-\u00fa 9990 m2 nagys\u00e1g\u00fa<br \/>1886\/25 hrsz-\u00fa 9479 m2 nagys\u00e1g\u00fa<br \/>1886\/27 hrsz-\u00fa 9990 m2 nagys\u00e1g\u00fa<br \/>1886\/28 hrsz-\u00fa 9990 m2 nagys\u00e1g\u00fa<br \/>1886\/29 hrsz-\u00fa 6600 m2 nagys\u00e1g\u00fa<br \/>kivett, be\u00e9p\u00edtetlen ter\u00fclet megnevez\u00e9s\u0171 nagytelkes intenz\u00edv be\u00e9p\u00edt\u00e9s\u0171 ipari gazdas\u00e1gi \u00f6vezetbe tartoz\u00f3 ingatlanok<br \/>Felt\u00e9tel: a v\u00e9teli sz\u00e1nd\u00e9knyilatkozatnak tartalmaznia kell a beruh\u00e1z\u00e1si elk\u00e9pzel\u00e9st \u00e9s az \u00f6nkorm\u00e1nyzat r\u00f6gz\u00edti a szerz\u0151d\u00e9sben 5 \u00e9ves visszav\u00e1s\u00e1rl\u00e1si jog\u00e1t.<\/td><td>Elad\u00e1si \u00e1r: helyrajzi sz\u00e1monk\u00e9nt 5.000.Ft+\u00c1FA\/m2<\/td><\/tr><tr><td>Celld\u00f6m\u00f6lk, 3153. hrsz-\u00fa 1.438 m2 nagys\u00e1g\u00fa \u201ekivett be\u00e9p\u00edtetlen ter\u00fclet\u201d megnevez\u00e9s\u0171 ingatlan<\/td><td>Elad\u00e1si \u00e1r: 4.953.000 Ft (a v\u00e9tel\u00e1r tartalmazza az \u00e1f\u00e1t)<\/td><\/tr><tr><td>Celld\u00f6m\u00f6lk, 3176. hrsz-\u00fa 1.335 m2 nagys\u00e1g\u00fa \u201ekivett be\u00e9p\u00edtetlen ter\u00fclet\u201d megnevez\u00e9s\u0171 ingatlan<\/td><td>Elad\u00e1si \u00e1r: 4.635.500 Ft (a v\u00e9tel\u00e1r tartalmazza az \u00e1f\u00e1t)<\/td><\/tr><tr><td>Celld\u00f6m\u00f6lk, dr. G\u00e9fin t\u00e9r 10. sz\u00e1m alatti, 1369\/1 hrsz-\u00fa iroda, \u00fczlet \u00e9s gazdas\u00e1gi \u00e9p\u00fclet megnevez\u00e9s\u0171 ingatlan egyes r\u00e9szeinek megfelel\u0151 tulajdoni h\u00e1nyada.<br \/>Irod\u00e1k: 192 m2<br \/>Az \u00d6nkorm\u00e1nyzat az \u00e9rt\u00e9kes\u00edt\u00e9st k\u00f6vet\u0151en az ingatlan t\u00e1rsash\u00e1zz\u00e1 t\u00f6rt\u00e9n\u0151 alak\u00edt\u00e1s\u00e1hoz hozz\u00e1j\u00e1rul.<\/td><td>Elad\u00e1si \u00e1ra (Irod\u00e1k): 39.500.000 Ft<\/td><\/tr><tr><td>Celld\u00f6m\u00f6lk, Sport u. 1918\/9. hrsz-\u00fa (nagym\u00e9ret\u0171 m\u0171f\u00fcves labdar\u00fag\u00f3 p\u00e1ly\u00e1val hat\u00e1ros) 6000 m2 nagys\u00e1g\u00fa ter\u00fclet<\/td><td>Elad\u00e1si \u00e1ra: 7.200,.-Ft+\u00c1FA\/m2<\/td><\/tr><\/tbody><\/table>\t\t\t\t\t\t\t\t<\/div>\n\t\t\t\t<div class=\"elementor-element elementor-element-bfc95b2 elementor-widget elementor-widget-text-editor\" data-id=\"bfc95b2\" data-element_type=\"widget\" data-e-type=\"widget\" data-widget_type=\"text-editor.default\">\n\t\t\t\t\t\t\t\t\t<p>Az ingatlanok megtekinthet\u0151ek: telefonon t\u00f6rt\u00e9n\u0151 el\u0151zetes egyeztet\u00e9s alapj\u00e1n munkanapokon h\u00e9tf\u0151t\u0151l cs\u00fct\u00f6rt\u00f6kig 8-16 \u00f3r\u00e1ig, p\u00e9nteken 8-13 \u00f3r\u00e1ig.<\/p><p>Tov\u00e1bbi felvil\u00e1gos\u00edt\u00e1s az \u00d6nkorm\u00e1nyzati Hivatal \u00fcgyint\u00e9z\u0151j\u00e9n\u00e9l a 95\/777-807-as telefonon kaphat\u00f3.<\/p>\t\t\t\t\t\t\t\t<\/div>\n\t\t<div class=\"elementor-element elementor-element-e39e51d e-con-full e-flex e-con e-child\" data-id=\"e39e51d\" data-element_type=\"container\" data-e-type=\"container\">\n\t\t\t\t<div class=\"elementor-element elementor-element-580b1bb elementor-widget elementor-widget-menu-anchor\" data-id=\"580b1bb\" data-element_type=\"widget\" data-e-type=\"widget\" data-widget_type=\"menu-anchor.default\">\n\t\t\t\t\t\t\t<div class=\"elementor-menu-anchor\" id=\"berbeadas\"><\/div>\n\t\t\t\t\t\t<\/div>\n\t\t\t\t<div class=\"elementor-element elementor-element-f60140f elementor-widget elementor-widget-heading\" data-id=\"f60140f\" data-element_type=\"widget\" data-e-type=\"widget\" data-widget_type=\"heading.default\">\n\t\t\t\t\t<h2 class=\"elementor-heading-title elementor-size-default\">B\u00e9rbead\u00e1s<\/h2>\t\t\t\t<\/div>\n\t\t\t\t<div class=\"elementor-element elementor-element-3d7e18c elementor-widget elementor-widget-text-editor\" data-id=\"3d7e18c\" data-element_type=\"widget\" data-e-type=\"widget\" data-widget_type=\"text-editor.default\">\n\t\t\t\t\t\t\t\t\t<div><p>Jelenleg nincs b\u00e9rbeadhat\u00f3 ingatlan.<\/p><\/div>\t\t\t\t\t\t\t\t<\/div>\n\t\t\t\t<\/div>\n\t\t\t\t\t<\/div>\n\t\t\t\t<\/div>\n\t\t\t\t<\/div>","protected":false},"excerpt":{"rendered":"<p>\u00c9rt\u00e9kes\u00edt\u00e9s B\u00e9rbead\u00e1s CELLD\u00d6M\u00d6LK \u00c9rt\u00e9kes\u00edt\u00e9s \u00a0 \u00a0 Celld\u00f6m\u00f6lk, Pet\u0151fi S\u00e1ndor utca 20. (700 hrsz.) sz. alatti 1068 m2 nagys\u00e1g\u00fa kivett lak\u00f3h\u00e1z, udvar, gazdas\u00e1gi \u00e9p\u00fclet megnevez\u00e9s\u0171 ingatlan, mely 2 db k\u00fcl\u00f6n bej\u00e1rat\u00fa komfortos lakr\u00e9sszel rendelkezik, mindk\u00e9t lakr\u00e9sz 2 szob\u00e1s, m\u00e9retei: 62 m2 \u00e9s 73 m2, helyis\u00e9gei: 2 szoba, konyha, kamra, f\u00fcrd\u0151szoba, wc, el\u0151szoba Elad\u00e1si \u00e1r:46.557.500 Ft V\u00e9teli [&hellip;]<\/p>\n","protected":false},"author":1,"featured_media":0,"parent":0,"menu_order":0,"comment_status":"closed","ping_status":"closed","template":"","meta":{"footnotes":""},"class_list":["post-985","page","type-page","status-publish","hentry"],"_links":{"self":[{"href":"https:\/\/celldomolk.hu\/de\/wp-json\/wp\/v2\/pages\/985","targetHints":{"allow":["GET"]}}],"collection":[{"href":"https:\/\/celldomolk.hu\/de\/wp-json\/wp\/v2\/pages"}],"about":[{"href":"https:\/\/celldomolk.hu\/de\/wp-json\/wp\/v2\/types\/page"}],"author":[{"embeddable":true,"href":"https:\/\/celldomolk.hu\/de\/wp-json\/wp\/v2\/users\/1"}],"replies":[{"embeddable":true,"href":"https:\/\/celldomolk.hu\/de\/wp-json\/wp\/v2\/comments?post=985"}],"version-history":[{"count":0,"href":"https:\/\/celldomolk.hu\/de\/wp-json\/wp\/v2\/pages\/985\/revisions"}],"wp:attachment":[{"href":"https:\/\/celldomolk.hu\/de\/wp-json\/wp\/v2\/media?parent=985"}],"curies":[{"name":"wp","href":"https:\/\/api.w.org\/{rel}","templated":true}]}}