{"id":877,"date":"2026-02-05T10:58:17","date_gmt":"2026-02-05T10:58:17","guid":{"rendered":"https:\/\/celldomolk.hu\/?page_id=877"},"modified":"2026-03-18T13:46:59","modified_gmt":"2026-03-18T13:46:59","slug":"szabalyzatok","status":"publish","type":"page","link":"https:\/\/celldomolk.hu\/de\/szabalyzatok\/","title":{"rendered":"Vorschriften (HU)"},"content":{"rendered":"<div data-elementor-type=\"wp-page\" data-elementor-id=\"877\" class=\"elementor elementor-877\" data-elementor-post-type=\"page\">\n\t\t\t\t<div class=\"elementor-element elementor-element-1ad5c7a7 e-con-full e-flex e-con e-parent\" data-id=\"1ad5c7a7\" data-element_type=\"container\" data-e-type=\"container\" data-settings=\"{&quot;background_background&quot;:&quot;classic&quot;}\">\n\t\t<div class=\"elementor-element elementor-element-23044560 e-con-full e-flex e-con e-child\" data-id=\"23044560\" data-element_type=\"container\" data-e-type=\"container\">\n\t\t\t\t<\/div>\n\t\t\t\t<div class=\"elementor-element elementor-element-708cae92 elementor-absolute e-transform e-transform e-transform elementor-hidden-mobile elementor-invisible elementor-widget elementor-widget-heading\" data-id=\"708cae92\" data-element_type=\"widget\" data-e-type=\"widget\" data-settings=\"{&quot;_position&quot;:&quot;absolute&quot;,&quot;_animation&quot;:&quot;fadeInLeft&quot;,&quot;_animation_delay&quot;:300,&quot;_transform_rotateZ_effect&quot;:{&quot;unit&quot;:&quot;px&quot;,&quot;size&quot;:270,&quot;sizes&quot;:[]},&quot;_transform_flipX_effect&quot;:&quot;transform&quot;,&quot;_transform_flipY_effect&quot;:&quot;transform&quot;,&quot;_transform_rotateZ_effect_tablet&quot;:{&quot;unit&quot;:&quot;deg&quot;,&quot;size&quot;:&quot;&quot;,&quot;sizes&quot;:[]},&quot;_transform_rotateZ_effect_mobile&quot;:{&quot;unit&quot;:&quot;deg&quot;,&quot;size&quot;:&quot;&quot;,&quot;sizes&quot;:[]}}\" data-widget_type=\"heading.default\">\n\t\t\t\t\t<div class=\"elementor-heading-title elementor-size-default\">CELLD\u00d6M\u00d6LK<\/div>\t\t\t\t<\/div>\n\t\t\t\t<\/div>\n\t\t<div class=\"elementor-element elementor-element-81d51b1 e-flex e-con-boxed e-con e-parent\" data-id=\"81d51b1\" data-element_type=\"container\" data-e-type=\"container\">\n\t\t\t\t\t<div class=\"e-con-inner\">\n\t\t\t\t<div class=\"elementor-element elementor-element-46796c22 elementor-widget elementor-widget-heading\" data-id=\"46796c22\" data-element_type=\"widget\" data-e-type=\"widget\" data-widget_type=\"heading.default\">\n\t\t\t\t\t<h2 class=\"elementor-heading-title elementor-size-default\">M\u00e1solatk\u00e9sz\u00edt\u00e9si szab\u00e1lyzat<\/h2>\t\t\t\t<\/div>\n\t\t\t\t<div class=\"elementor-element elementor-element-3416e61 elementor-widget elementor-widget-text-editor\" data-id=\"3416e61\" data-element_type=\"widget\" data-e-type=\"widget\" data-widget_type=\"text-editor.default\">\n\t\t\t\t\t\t\t\t\t<p><a href=\"https:\/\/celldomolk.hu\/wp-content\/uploads\/2026\/02\/hiteles_masolatkeszitesi_szabalyzat_2025_2.pdf\">Let\u00f6lt\u00e9s \u2192<\/a><\/p>\t\t\t\t\t\t\t\t<\/div>\n\t\t\t\t<div class=\"elementor-element elementor-element-a1a178c elementor-widget elementor-widget-heading\" data-id=\"a1a178c\" data-element_type=\"widget\" data-e-type=\"widget\" data-widget_type=\"heading.default\">\n\t\t\t\t\t<h2 class=\"elementor-heading-title elementor-size-default\">Inform\u00e1ci\u00f3\u00e1tad\u00e1si szab\u00e1lyzatok<\/h2>\t\t\t\t<\/div>\n\t\t\t\t<div class=\"elementor-element elementor-element-48f7280 elementor-widget elementor-widget-text-editor\" data-id=\"48f7280\" data-element_type=\"widget\" data-e-type=\"widget\" data-widget_type=\"text-editor.default\">\n\t\t\t\t\t\t\t\t\t<p><a href=\"https:\/\/celldomolk.hu\/wp-content\/uploads\/2026\/02\/Informacioatadasi-szabalyzat_Celldomolk.pdf\">Celld\u00f6m\u00f6lk \u2192<\/a><\/p><p><a href=\"https:\/\/celldomolk.hu\/wp-content\/uploads\/2026\/02\/informacioatadasi_szabalyzat_MersevatKO_2021.pdf\">Mersev\u00e1t \u2192<\/a><\/p><p><a href=\"https:\/\/celldomolk.hu\/wp-content\/uploads\/2026\/02\/informacioatadasi_szabalyzat_MesteriKO_2021.pdf\">Mesteri \u2192<\/a><\/p><p><a href=\"https:\/\/celldomolk.hu\/wp-content\/uploads\/2026\/02\/informacioatadasi_szabalyzat_NemeskocsKO_2021.pdf\">Nemeskocs \u2192<\/a><\/p><p><a href=\"https:\/\/celldomolk.hu\/wp-content\/uploads\/2026\/02\/informacioatadasi_szabalyzat_OstffyasszonyfaKO_2021.pdf\">Ostffyasszonyfa \u2192<\/a><\/p>\t\t\t\t\t\t\t\t<\/div>\n\t\t\t\t\t<\/div>\n\t\t\t\t<\/div>\n\t\t\t\t<\/div>","protected":false},"excerpt":{"rendered":"<p>CELLD\u00d6M\u00d6LK M\u00e1solatk\u00e9sz\u00edt\u00e9si szab\u00e1lyzat Let\u00f6lt\u00e9s \u2192 Inform\u00e1ci\u00f3\u00e1tad\u00e1si szab\u00e1lyzatok Celld\u00f6m\u00f6lk \u2192 Mersev\u00e1t \u2192 Mesteri \u2192 Nemeskocs \u2192 Ostffyasszonyfa \u2192<\/p>","protected":false},"author":1,"featured_media":0,"parent":0,"menu_order":0,"comment_status":"closed","ping_status":"closed","template":"","meta":{"footnotes":""},"class_list":["post-877","page","type-page","status-publish","hentry"],"_links":{"self":[{"href":"https:\/\/celldomolk.hu\/de\/wp-json\/wp\/v2\/pages\/877","targetHints":{"allow":["GET"]}}],"collection":[{"href":"https:\/\/celldomolk.hu\/de\/wp-json\/wp\/v2\/pages"}],"about":[{"href":"https:\/\/celldomolk.hu\/de\/wp-json\/wp\/v2\/types\/page"}],"author":[{"embeddable":true,"href":"https:\/\/celldomolk.hu\/de\/wp-json\/wp\/v2\/users\/1"}],"replies":[{"embeddable":true,"href":"https:\/\/celldomolk.hu\/de\/wp-json\/wp\/v2\/comments?post=877"}],"version-history":[{"count":0,"href":"https:\/\/celldomolk.hu\/de\/wp-json\/wp\/v2\/pages\/877\/revisions"}],"wp:attachment":[{"href":"https:\/\/celldomolk.hu\/de\/wp-json\/wp\/v2\/media?parent=877"}],"curies":[{"name":"wp","href":"https:\/\/api.w.org\/{rel}","templated":true}]}}