{"id":2505,"date":"2026-03-16T19:49:20","date_gmt":"2026-03-16T19:49:20","guid":{"rendered":"https:\/\/celldomolk.hu\/?page_id=2505"},"modified":"2026-03-16T20:29:10","modified_gmt":"2026-03-16T20:29:10","slug":"allashelyek","status":"publish","type":"page","link":"https:\/\/celldomolk.hu\/de\/allashelyek\/","title":{"rendered":"\u00c1ll\u00e1shelyek"},"content":{"rendered":"\t\t<div data-elementor-type=\"wp-page\" data-elementor-id=\"2505\" class=\"elementor elementor-2505\" data-elementor-post-type=\"page\">\n\t\t\t\t<div class=\"elementor-element elementor-element-246add e-flex e-con-boxed e-con e-parent\" data-id=\"246add\" data-element_type=\"container\" data-e-type=\"container\" data-settings=\"{&quot;background_background&quot;:&quot;slideshow&quot;,&quot;background_slideshow_gallery&quot;:[{&quot;id&quot;:2469,&quot;url&quot;:&quot;https:\\\/\\\/celldomolk.hu\\\/wp-content\\\/uploads\\\/2026\\\/03\\\/1920_800-y6jqk9-06.jpg&quot;},{&quot;id&quot;:2468,&quot;url&quot;:&quot;https:\\\/\\\/celldomolk.hu\\\/wp-content\\\/uploads\\\/2026\\\/03\\\/1920_800-y7vwn1-12-1.jpg&quot;}],&quot;background_slideshow_lazyload&quot;:&quot;yes&quot;,&quot;background_slideshow_ken_burns&quot;:&quot;yes&quot;,&quot;background_slideshow_loop&quot;:&quot;yes&quot;,&quot;background_slideshow_slide_duration&quot;:5000,&quot;background_slideshow_slide_transition&quot;:&quot;fade&quot;,&quot;background_slideshow_transition_duration&quot;:500,&quot;background_slideshow_ken_burns_zoom_direction&quot;:&quot;in&quot;}\">\n\t\t\t\t\t<div class=\"e-con-inner\">\n\t\t<div class=\"elementor-element elementor-element-2dcfd59e e-con-full e-flex e-con e-child\" data-id=\"2dcfd59e\" data-element_type=\"container\" data-e-type=\"container\">\n\t\t<div class=\"elementor-element elementor-element-39da8653 e-con-full elementor-hidden-desktop elementor-hidden-tablet elementor-hidden-mobile e-flex elementor-invisible e-con e-child\" data-id=\"39da8653\" data-element_type=\"container\" data-e-type=\"container\" data-settings=\"{&quot;animation&quot;:&quot;fadeInUp&quot;,&quot;animation_delay&quot;:300}\">\n\t\t\t\t<div class=\"elementor-element elementor-element-493793ff elementor-widget elementor-widget-button\" data-id=\"493793ff\" data-element_type=\"widget\" data-e-type=\"widget\" data-widget_type=\"button.default\">\n\t\t\t\t\t\t\t\t\t\t<a class=\"elementor-button elementor-button-link elementor-size-sm\" href=\"https:\/\/celldomolk.hu\/valasztas-2026\/#valasztasiszervek\">\n\t\t\t\t\t\t<span class=\"elementor-button-content-wrapper\">\n\t\t\t\t\t\t\t\t\t<span class=\"elementor-button-text\">Tov\u00e1bb a r\u00e9szletekre<\/span>\n\t\t\t\t\t<\/span>\n\t\t\t\t\t<\/a>\n\t\t\t\t\t\t\t\t<\/div>\n\t\t\t\t<\/div>\n\t\t\t\t<\/div>\n\t\t\t\t<div class=\"elementor-element elementor-element-3d7061b0 elementor-absolute e-transform e-transform e-transform elementor-hidden-mobile elementor-invisible elementor-widget elementor-widget-heading\" data-id=\"3d7061b0\" data-element_type=\"widget\" data-e-type=\"widget\" data-settings=\"{&quot;_position&quot;:&quot;absolute&quot;,&quot;_animation&quot;:&quot;fadeInLeft&quot;,&quot;_animation_delay&quot;:300,&quot;_transform_rotateZ_effect&quot;:{&quot;unit&quot;:&quot;px&quot;,&quot;size&quot;:270,&quot;sizes&quot;:[]},&quot;_transform_flipX_effect&quot;:&quot;transform&quot;,&quot;_transform_flipY_effect&quot;:&quot;transform&quot;,&quot;_transform_rotateZ_effect_tablet&quot;:{&quot;unit&quot;:&quot;deg&quot;,&quot;size&quot;:&quot;&quot;,&quot;sizes&quot;:[]},&quot;_transform_rotateZ_effect_mobile&quot;:{&quot;unit&quot;:&quot;deg&quot;,&quot;size&quot;:&quot;&quot;,&quot;sizes&quot;:[]}}\" data-widget_type=\"heading.default\">\n\t\t\t\t\t<div class=\"elementor-heading-title elementor-size-default\">CELLD\u00d6M\u00d6LK<\/div>\t\t\t\t<\/div>\n\t\t\t\t\t<\/div>\n\t\t\t\t<\/div>\n\t\t<div class=\"elementor-element elementor-element-ca10c76 e-flex e-con-boxed e-con e-parent\" data-id=\"ca10c76\" data-element_type=\"container\" data-e-type=\"container\">\n\t\t\t\t\t<div class=\"e-con-inner\">\n\t\t<div class=\"elementor-element elementor-element-6819311d e-con-full e-flex e-con e-child\" data-id=\"6819311d\" data-element_type=\"container\" data-e-type=\"container\" data-settings=\"{&quot;background_background&quot;:&quot;classic&quot;}\">\n\t\t\t\t<div class=\"elementor-element elementor-element-3ebdd3d5 elementor-align-right elementor-widget elementor-widget-button\" data-id=\"3ebdd3d5\" data-element_type=\"widget\" data-e-type=\"widget\" data-widget_type=\"button.default\">\n\t\t\t\t\t\t\t\t\t\t<a class=\"elementor-button elementor-size-sm\" role=\"button\">\n\t\t\t\t\t\t<span class=\"elementor-button-content-wrapper\">\n\t\t\t\t\t\t\t\t\t<span class=\"elementor-button-text\">\u00e1ll\u00e1s<\/span>\n\t\t\t\t\t<\/span>\n\t\t\t\t\t<\/a>\n\t\t\t\t\t\t\t\t<\/div>\n\t\t\t\t<div class=\"elementor-element elementor-element-bc3306f elementor-widget elementor-widget-heading\" data-id=\"bc3306f\" data-element_type=\"widget\" data-e-type=\"widget\" data-widget_type=\"heading.default\">\n\t\t\t\t\t<h2 class=\"elementor-heading-title elementor-size-default\">CELLD\u00d6M\u00d6LK V\u00c1ROS \u00d6NKORM\u00c1NYZATA\n\n\n p\u00e1ly\u00e1zatot hirdet K\u00f6zalkalmazotti jogviszony (Kjt.) keret\u00e9ben\n\n<\/h2>\t\t\t\t<\/div>\n\t\t\t\t<div class=\"elementor-element elementor-element-fb9852a elementor-widget elementor-widget-icon-box\" data-id=\"fb9852a\" data-element_type=\"widget\" data-e-type=\"widget\" data-widget_type=\"icon-box.default\">\n\t\t\t\t\t\t\t<div class=\"elementor-icon-box-wrapper\">\n\n\t\t\t\n\t\t\t\t\t\t<div class=\"elementor-icon-box-content\">\n\n\t\t\t\t\t\t\t\t\t<span class=\"elementor-icon-box-title\">\n\t\t\t\t\t\t<span  >\n\t\t\t\t\t\t\t V\u00e1rosgondnoks\u00e1g igazgat\u00f3i\t\t\t\t\t\t<\/span>\n\t\t\t\t\t<\/span>\n\t\t\t\t\n\t\t\t\t\t\t\t\t\t<p class=\"elementor-icon-box-description\">\n\t\t\t\t\t\tMunkak\u00f6r\/feladatk\u00f6r bet\u00f6lt\u00e9s\u00e9re.\t\t\t\t\t<\/p>\n\t\t\t\t\n\t\t\t<\/div>\n\t\t\t\n\t\t<\/div>\n\t\t\t\t\t\t<\/div>\n\t\t\t\t<div class=\"elementor-element elementor-element-77e7759c elementor-widget elementor-widget-text-editor\" data-id=\"77e7759c\" data-element_type=\"widget\" data-e-type=\"widget\" data-widget_type=\"text-editor.default\">\n\t\t\t\t\t\t\t\t\t<p><strong>Tev\u00e9kenys\u00e9gi<\/strong><strong>\u00a0<\/strong><strong>k\u00f6r\u00a0(ell\u00e1tand\u00f3\u00a0feladatok):\u00a0<\/strong><\/p><ul><li>Ir\u00e1ny\u00edtja \u00e9s vezeti a V\u00e1rosgondnoks\u00e1got, annak feladatai v\u00e9grehajt\u00e1s\u00e1ban. &#8211; Szervezi, \u00e9s enged\u00e9lyezi a V\u00e1rosgondnoks\u00e1g v\u00e1llalkoz\u00e1si tev\u00e9kenys\u00e9g\u00e9t. &#8211; K\u00e9pviseli a V\u00e1rosgondnoks\u00e1got, kapcsolatot tart k\u00fcls\u0151 int\u00e9zm\u00e9nyekkel, gazdas\u00e1gi t\u00e1rsas\u00e1gokkal.<\/li><li>Szervezeti \u00e9s m\u0171k\u00f6d\u00e9si szab\u00e1lyzat (SZMSZ), egy\u00e9b Szab\u00e1lyzatok elk\u00e9sz\u00edt\u00e9se. &#8211; Gondoskodik az SZMSZ-ben \u00e9s a Szab\u00e1lyzatokban foglaltak betart\u00e1s\u00e1r\u00f3l. &#8211; Gyakorolja a munk\u00e1ltat\u00f3i jogokat az int\u00e9zm\u00e9ny k\u00f6zalkalmazottai \u00e9s munkav\u00e1llal\u00f3i tekintet\u00e9ben. &#8211; J\u00f3v\u00e1hagyja a munkak\u00f6ri le\u00edr\u00e1sokat.<\/li><li>Megszervezi a k\u00f6zfoglalkoztatott dolgoz\u00f3k foglalkoztat\u00e1s\u00e1t.<\/li><li>Megszervezi a k\u00f6z\u00e9rdek\u0171 munk\u00e1ra \u00edt\u00e9ltek, vagy a p\u00e9nzb\u00fcntet\u00e9st k\u00f6z\u00e9rdek\u0171 munk\u00e1ra v\u00e1ltoztat\u00f3k munkav\u00e9gz\u00e9s\u00e9t.<\/li><li>Felel az int\u00e9zm\u00e9nyi k\u00f6lts\u00e9gvet\u00e9s v\u00e9grehajt\u00e1s\u00e9rt. &#8211; Fel\u00fcgyeleti szerv r\u00e9sz\u00e9re inform\u00e1ci\u00f3kat ad, besz\u00e1mol\u00f3t k\u00e9sz\u00edt.<\/li><li>Fogadja a V\u00e1rosgondnokhoz \u00e9rkez\u0151 panaszokat, int\u00e9zkedik azok kivizsg\u00e1l\u00e1s\u00e1r\u00f3l.<\/li><\/ul><p>\u00a0<\/p><p><strong>Bet\u00f6ltend\u0151 \u00e1ll\u00e1s szakmacsoportja:\u00a0m\u0171szaki<\/strong><\/p><p><strong>FEOR<\/strong><strong>\u00a0<\/strong><strong>besorol\u00e1s:<\/strong><strong>\u00a0<\/strong><\/p><p>1329 Egy\u00e9b szolg\u00e1ltat\u00e1st ny\u00fajt\u00f3\u00a0egys\u00e9g\u00a0vezet\u0151je<\/p><p><strong>Bet\u00f6ltend\u0151<\/strong><strong>\u00a0<\/strong><strong>\u00e1ll\u00e1s <\/strong><strong>munkak\u00f6r\u00e9nek <\/strong><strong>szakter\u00fclete<\/strong><strong>\u00a0<\/strong><strong>(munkak\u00f6rcsal\u00e1d):<\/strong><strong>\u00a0<\/strong>Egy\u00e9b<\/p><p><strong>Bet\u00f6ltend\u0151<\/strong><strong>\u00a0<\/strong><strong>\u00e1ll\u00e1s<\/strong><strong>\u00a0<\/strong><strong>jogviszonya: <\/strong>K\u00f6zalkalmazotti\u00a0jogviszony\u00a0(Kjt.)<\/p><p><strong>Foglalkoztat\u00e1s<\/strong><strong>\u00a0<\/strong><strong>id\u0151tartama, munkaideje, munkarendje, form\u00e1ja: <\/strong>Hat\u00e1rozott, 40 \u00f3ra, \u00c1ltal\u00e1nos, Teljes munkaid\u0151<\/p><p><strong>Munkav\u00e9gz\u00e9s<\/strong><strong>\u00a0<\/strong><strong>helye:<\/strong><strong>\u00a0<\/strong>Celld\u00f6m\u00f6lk<\/p><p><strong>Felt\u00e9telek,\u00a0El\u0151ny\u00f6k<\/strong><\/p><p><strong><em>P\u00e1ly\u00e1zati<\/em><\/strong><strong><em>\u00a0<\/em><\/strong><strong><em>felt\u00e9telek:<\/em><\/strong><\/p><p><strong>Jog\u00e1ll\u00e1sb\u00f3l<\/strong><strong>\u00a0<\/strong><strong>fakad\u00f3 <\/strong><strong>jogszab\u00e1lyi <\/strong><strong>k\u00f6vetelm\u00e9nyek:<\/strong><\/p><ul><li>B\u00fcntetlen el\u0151\u00e9let<\/li><li>Cselekv\u0151k\u00e9pess\u00e9g<\/li><li>Magyar \u00e1llampolg\u00e1rs\u00e1g<\/li><li>Erk\u00f6lcsi bizony\u00edtv\u00e1ny<\/li><\/ul><p>\u00a0<\/p><p><strong>Elv\u00e1rt v\u00e9gzetts\u00e9g\/k\u00e9pes\u00edt\u00e9s:<\/strong>\u00a0Fels\u0151fok\u00fa v\u00e9gzetts\u00e9ghez k\u00f6t\u00f6tt szakk\u00e9pes\u00edt\u00e9s alapk\u00e9pz\u00e9s (Bsc vagy BA), Egy\u00e9b v\u00e9gzetts\u00e9g, F\u0151iskolai<\/p><p><strong>Egy\u00e9b p\u00e1ly\u00e1zati felt\u00e9tel meghat\u00e1roz\u00e1sa:<\/strong><\/p><ul><li>Nyilatkozat a p\u00e1ly\u00e1zati felt\u00e9telekben meghat\u00e1rozottak v\u00e1llal\u00e1s\u00e1r\u00f3l<\/li><\/ul><p>\u00a0<\/p><p><strong>J\u00e1rm\u0171vezet\u0151i enged\u00e9ly kateg\u00f3ria:<\/strong> B<\/p><p><strong><em>P\u00e1ly\u00e1zat<\/em><\/strong><strong><em>\u00a0<\/em><\/strong><strong><em>elb\u00edr\u00e1l\u00e1sa<\/em><\/strong><strong><em>\u00a0<\/em><\/strong><strong><em>sor\u00e1n<\/em><\/strong><strong><em>\u00a0<\/em><\/strong><strong><em>el\u0151nyt<\/em><\/strong><strong><em>\u00a0<\/em><\/strong><strong><em>jelent:\u00a0<\/em><\/strong><\/p><p><strong>A p\u00e1ly\u00e1zat elb\u00edr\u00e1l\u00e1sa sor\u00e1n el\u0151nyt jelent\u00a0\u00a0<\/strong><strong>a\u00a0szakmai\u00a0tapasztalat?<\/strong><strong>:\u00a0<\/strong>Igen<\/p><p><strong>A\u00a0p\u00e1ly\u00e1zat\u00a0elb\u00edr\u00e1l\u00e1sa\u00a0sor\u00e1n\u00a0el\u0151nyt jelent\u00a0a\u00a0vezet\u0151i\u00a0tapasztalat?:\u00a0<\/strong>Igen<\/p><p><strong>A p\u00e1ly\u00e1zat elb\u00edr\u00e1l\u00e1sa sor\u00e1n el\u0151nyt\u00a0<\/strong><strong>jelent\u0151 szem\u00e9lyes kompetenci\u00e1k:<\/strong><\/p><ul><li>\u00a0\u00d6n\u00e1ll\u00f3s\u00e1g (alap)<\/li><li>Probl\u00e9ma-megold\u00f3 k\u00e9szs\u00e9g (alap)<\/li><li>Kommunik\u00e1ci\u00f3s k\u00e9szs\u00e9g (alap)<\/li><li>Szervez\u0151k\u00e9szs\u00e9g, koordin\u00e1ci\u00f3 (\u00fcgyint\u00e9z\u0151i)<\/li><li>Aktivit\u00e1s, reag\u00e1l\u00e1s (egy\u00e9b)<\/li><\/ul><p>\u00a0<\/p><p><strong>A p\u00e1ly\u00e1zat r\u00e9szek\u00e9nt beny\u00fajtand\u00f3 igazol\u00e1sok, al\u00e1t\u00e1maszt\u00f3 dokumentumok:<\/strong><\/p><ul><li>A Kjt. 20\/A.\u00a7 (5) bekezd\u00e9s b) pontja alapj\u00e1n a p\u00e1ly\u00e1z\u00f3 a p\u00e1ly\u00e1zathoz csatolja arr\u00f3l sz\u00f3l\u00f3 nyilatkozat\u00e1t, hogy a p\u00e1ly\u00e1zati anyag\u00e1ban foglalt szem\u00e9lyes adatainak a p\u00e1ly\u00e1zati elj\u00e1r\u00e1ssal \u00f6sszef\u00fcgg\u00e9sben sz\u00fcks\u00e9ges kezel\u00e9s\u00e9hez hozz\u00e1j\u00e1rul.<\/li><li>F\u00e9nyk\u00e9ppel ell\u00e1tott szakmai \u00f6n\u00e9letrajz<\/li><li>H\u00e1rom h\u00f3napn\u00e1l nem r\u00e9gebbi erk\u00f6lcsi bizony\u00edtv\u00e1ny<\/li><li>v\u00e9gzetts\u00e9get, szakk\u00e9pes\u00edt\u00e9st igazol\u00f3 okiratok m\u00e1solata<\/li><li>Nyilatkozat b\u00fcntetlen el\u0151\u00e9letr\u0151l<\/li><\/ul><p>\u00a0<\/p><p><strong>A p\u00e1ly\u00e1zat beny\u00fajt\u00e1s\u00e1nak hat\u00e1rideje:\u00a0\u00a0<\/strong>2026.04.10.\u00a000:00<\/p><p><strong>P\u00e1ly\u00e1zat\u00a0beny\u00fajt\u00e1s\u00e1nak m\u00f3dja:\u00a0<\/strong>Postai \u00faton, a p\u00e1ly\u00e1zatnak a Celld\u00f6m\u00f6lk V\u00e1ros \u00d6nkorm\u00e1nyzata c\u00edm\u00e9re t\u00f6rt\u00e9n\u0151 megk\u00fcld\u00e9s\u00e9vel (9500 Vas, V\u00e1rosh\u00e1za t\u00e9r 1.). K\u00e9rj\u00fck a bor\u00edt\u00e9kon felt\u00fcntetni a p\u00e1ly\u00e1zati adatb\u00e1zisban szerepl\u0151 azonos\u00edt\u00f3 sz\u00e1mot: C\/394\/2026, valamint a munkak\u00f6r megnevez\u00e9s\u00e9t: igazgat\u00f3.<\/p><p><strong>A\u00a0p\u00e1ly\u00e1zat\u00a0elb\u00edr\u00e1l\u00e1s\u00e1nak\u00a0m\u00f3dja:\u00a0<\/strong>A p\u00e1ly\u00e1zatokat a V\u00e1rosfejleszt\u00e9si, K\u00f6lts\u00e9gvet\u00e9si \u00e9s Jog \u00dcgyrendi Bizotts\u00e1g v\u00e9lem\u00e9nyezi. A k\u00e9pvisel\u0151 test\u00fclet, \u00e9rv\u00e9nyes p\u00e1ly\u00e1zat eset\u00e9n d\u00f6nt\u00e9st hoz a hat\u00e1rozott idej\u0171 kinevez\u00e9sr\u0151l.<\/p><p><strong>A\u00a0p\u00e1ly\u00e1zat\u00a0elb\u00edr\u00e1l\u00e1s\u00e1nak\u00a0hat\u00e1rideje:\u00a0<\/strong><\/p><p>2026.05.31.\u00a000:00<\/p><p><strong>A p\u00e1ly\u00e1zati ki\u00edr\u00e1s tov\u00e1bbi k\u00f6zz\u00e9t\u00e9tel\u00e9nek helye:<\/strong><\/p><p>www.celldomolk.hu<\/p><p style=\"font-weight: 400;\"><strong>\u00c1ll\u00e1s tervezett bet\u00f6lt\u00e9s\u00e9nek id\u0151pontja:\u00a0<\/strong><\/p><p style=\"font-weight: 400;\">2026.07.01.<\/p><p style=\"font-weight: 400;\"><strong>\u00c1ll\u00e1s tervezett bet\u00f6lt\u00e9s v\u00e9g\u00e9nek id\u0151pontja:<\/strong><\/p><p style=\"font-weight: 400;\">2030.06.30.<\/p>\t\t\t\t\t\t\t\t<\/div>\n\t\t\t\t<\/div>\n\t\t\t\t\t<\/div>\n\t\t\t\t<\/div>\n\t\t\t\t<\/div>\n\t\t","protected":false},"excerpt":{"rendered":"<p>Tov\u00e1bb a r\u00e9szletekre CELLD\u00d6M\u00d6LK \u00e1ll\u00e1s CELLD\u00d6M\u00d6LK V\u00c1ROS \u00d6NKORM\u00c1NYZATA p\u00e1ly\u00e1zatot hirdet K\u00f6zalkalmazotti jogviszony (Kjt.) keret\u00e9ben V\u00e1rosgondnoks\u00e1g igazgat\u00f3i Munkak\u00f6r\/feladatk\u00f6r bet\u00f6lt\u00e9s\u00e9re. Tev\u00e9kenys\u00e9gi\u00a0k\u00f6r\u00a0(ell\u00e1tand\u00f3\u00a0feladatok):\u00a0 Ir\u00e1ny\u00edtja \u00e9s vezeti a V\u00e1rosgondnoks\u00e1got, annak feladatai v\u00e9grehajt\u00e1s\u00e1ban. &#8211; Szervezi, \u00e9s enged\u00e9lyezi a V\u00e1rosgondnoks\u00e1g v\u00e1llalkoz\u00e1si tev\u00e9kenys\u00e9g\u00e9t. &#8211; K\u00e9pviseli a V\u00e1rosgondnoks\u00e1got, kapcsolatot tart k\u00fcls\u0151 int\u00e9zm\u00e9nyekkel, gazdas\u00e1gi t\u00e1rsas\u00e1gokkal. Szervezeti \u00e9s m\u0171k\u00f6d\u00e9si szab\u00e1lyzat (SZMSZ), egy\u00e9b Szab\u00e1lyzatok elk\u00e9sz\u00edt\u00e9se. &#8211; Gondoskodik [&hellip;]<\/p>\n","protected":false},"author":1,"featured_media":0,"parent":0,"menu_order":0,"comment_status":"closed","ping_status":"closed","template":"","meta":{"footnotes":""},"class_list":["post-2505","page","type-page","status-publish","hentry"],"_links":{"self":[{"href":"https:\/\/celldomolk.hu\/de\/wp-json\/wp\/v2\/pages\/2505","targetHints":{"allow":["GET"]}}],"collection":[{"href":"https:\/\/celldomolk.hu\/de\/wp-json\/wp\/v2\/pages"}],"about":[{"href":"https:\/\/celldomolk.hu\/de\/wp-json\/wp\/v2\/types\/page"}],"author":[{"embeddable":true,"href":"https:\/\/celldomolk.hu\/de\/wp-json\/wp\/v2\/users\/1"}],"replies":[{"embeddable":true,"href":"https:\/\/celldomolk.hu\/de\/wp-json\/wp\/v2\/comments?post=2505"}],"version-history":[{"count":0,"href":"https:\/\/celldomolk.hu\/de\/wp-json\/wp\/v2\/pages\/2505\/revisions"}],"wp:attachment":[{"href":"https:\/\/celldomolk.hu\/de\/wp-json\/wp\/v2\/media?parent=2505"}],"curies":[{"name":"wp","href":"https:\/\/api.w.org\/{rel}","templated":true}]}}