{"id":1033,"date":"2026-02-06T12:37:37","date_gmt":"2026-02-06T12:37:37","guid":{"rendered":"https:\/\/celldomolk.hu\/?page_id=1033"},"modified":"2026-03-16T19:17:42","modified_gmt":"2026-03-16T19:17:42","slug":"cimkezelessel-erintett-cimek","status":"publish","type":"page","link":"https:\/\/celldomolk.hu\/de\/cimkezelessel-erintett-cimek\/","title":{"rendered":"C\u00edmkezel\u00e9ssel \u00e9rintett c\u00edmek"},"content":{"rendered":"<div data-elementor-type=\"wp-page\" data-elementor-id=\"1033\" class=\"elementor elementor-1033\" data-elementor-post-type=\"page\">\n\t\t\t\t<div class=\"elementor-element elementor-element-1af99677 e-con-full e-flex e-con e-parent\" data-id=\"1af99677\" data-element_type=\"container\" data-e-type=\"container\" data-settings=\"{&quot;background_background&quot;:&quot;classic&quot;}\">\n\t\t<div class=\"elementor-element elementor-element-2a3269a8 e-con-full e-flex e-con e-child\" data-id=\"2a3269a8\" data-element_type=\"container\" data-e-type=\"container\">\n\t\t\t\t<div class=\"elementor-element elementor-element-6fa3cab4 elementor-mobile-align-center elementor-widget__width-initial elementor-widget elementor-widget-button\" data-id=\"6fa3cab4\" data-element_type=\"widget\" data-e-type=\"widget\" data-widget_type=\"button.default\">\n\t\t\t\t\t\t\t\t\t\t<a class=\"elementor-button elementor-button-link elementor-size-sm\" href=\"#celldomolk\">\n\t\t\t\t\t\t<span class=\"elementor-button-content-wrapper\">\n\t\t\t\t\t\t\t\t\t<span class=\"elementor-button-text\">Celld\u00f6m\u00f6lk<\/span>\n\t\t\t\t\t<\/span>\n\t\t\t\t\t<\/a>\n\t\t\t\t\t\t\t\t<\/div>\n\t\t\t\t<div class=\"elementor-element elementor-element-193afd85 elementor-mobile-align-center elementor-widget elementor-widget-button\" data-id=\"193afd85\" data-element_type=\"widget\" data-e-type=\"widget\" data-widget_type=\"button.default\">\n\t\t\t\t\t\t\t\t\t\t<a class=\"elementor-button elementor-button-link elementor-size-sm\" href=\"#nemeskocs\">\n\t\t\t\t\t\t<span class=\"elementor-button-content-wrapper\">\n\t\t\t\t\t\t\t\t\t<span class=\"elementor-button-text\">Nemeskocs<\/span>\n\t\t\t\t\t<\/span>\n\t\t\t\t\t<\/a>\n\t\t\t\t\t\t\t\t<\/div>\n\t\t\t\t<\/div>\n\t\t\t\t<div class=\"elementor-element elementor-element-4e38d91e elementor-absolute e-transform e-transform e-transform elementor-hidden-mobile elementor-invisible elementor-widget elementor-widget-heading\" data-id=\"4e38d91e\" data-element_type=\"widget\" data-e-type=\"widget\" data-settings=\"{&quot;_position&quot;:&quot;absolute&quot;,&quot;_animation&quot;:&quot;fadeInLeft&quot;,&quot;_animation_delay&quot;:300,&quot;_transform_rotateZ_effect&quot;:{&quot;unit&quot;:&quot;px&quot;,&quot;size&quot;:270,&quot;sizes&quot;:[]},&quot;_transform_flipX_effect&quot;:&quot;transform&quot;,&quot;_transform_flipY_effect&quot;:&quot;transform&quot;,&quot;_transform_rotateZ_effect_tablet&quot;:{&quot;unit&quot;:&quot;deg&quot;,&quot;size&quot;:&quot;&quot;,&quot;sizes&quot;:[]},&quot;_transform_rotateZ_effect_mobile&quot;:{&quot;unit&quot;:&quot;deg&quot;,&quot;size&quot;:&quot;&quot;,&quot;sizes&quot;:[]}}\" data-widget_type=\"heading.default\">\n\t\t\t\t\t<div class=\"elementor-heading-title elementor-size-default\">CELLD\u00d6M\u00d6LK<\/div>\t\t\t\t<\/div>\n\t\t\t\t<\/div>\n\t\t<div class=\"elementor-element elementor-element-dd84587 e-flex e-con-boxed e-con e-parent\" data-id=\"dd84587\" data-element_type=\"container\" data-e-type=\"container\">\n\t\t\t\t\t<div class=\"e-con-inner\">\n\t\t\t\t<div class=\"elementor-element elementor-element-b6ca563 elementor-widget elementor-widget-menu-anchor\" data-id=\"b6ca563\" data-element_type=\"widget\" data-e-type=\"widget\" data-widget_type=\"menu-anchor.default\">\n\t\t\t\t\t\t\t<div class=\"elementor-menu-anchor\" id=\"celldomolk\"><\/div>\n\t\t\t\t\t\t<\/div>\n\t\t\t\t<div class=\"elementor-element elementor-element-4899f9d elementor-widget elementor-widget-heading\" data-id=\"4899f9d\" data-element_type=\"widget\" data-e-type=\"widget\" data-widget_type=\"heading.default\">\n\t\t\t\t\t<h2 class=\"elementor-heading-title elementor-size-default\">Celld\u00f6m\u00f6lk<\/h2>\t\t\t\t<\/div>\n\t\t\t\t<div class=\"elementor-element elementor-element-a944e3a elementor-widget elementor-widget-text-editor\" data-id=\"a944e3a\" data-element_type=\"widget\" data-e-type=\"widget\" data-widget_type=\"text-editor.default\">\n\t\t\t\t\t\t\t\t\t<p>Celld\u00f6m\u00f6lk V\u00e1ros Jegyz\u0151je mint c\u00edmk\u00e9pz\u00e9s\u00e9rt felel\u0151s szerv a k\u00f6zponti c\u00edmregiszterr\u0151l \u00e9s a c\u00edmkezel\u00e9sr\u0151l sz\u00f3l\u00f3 345\/2014. (XII. 23.) Korm. rendelet 8. \u00a7 (5) bekezd\u00e9se alapj\u00e1n a c\u00edmkezel\u00e9ssel \u00e9rintett c\u00edmeket Celld\u00f6m\u00f6lk V\u00e1ros \u00d6nkorm\u00e1nyzata honlapj\u00e1n k\u00f6zz\u00e9teszi az al\u00e1bbiak szerint:<\/p><table border=\"1\" width=\"600\" cellspacing=\"1\" cellpadding=\"1\" align=\"center\"><tbody><tr><td><span class=\"cikk_vastag\">C\u00edmkezel\u00e9ssel \u00e9rintett ingatlan c\u00edme<\/span><\/td><td><span class=\"cikk_vastag\">Helyrajzi sz\u00e1m<\/span><\/td><td><span class=\"cikk_vastag\">K\u00f6zz\u00e9t\u00e9tel d\u00e1tuma<\/span><\/td><td><span class=\"cikk_vastag\">Lev\u00e9tel d\u00e1tuma<\/span><\/td><\/tr><tr><td><a href=\"http:\/\/letoltes.celldomolk.hu\/docs\/Cimkezeles\/2026\/C_653_2_2026.pdf\" target=\"_blank\" rel=\"noopener\">9500 Celld\u00f6m\u00f6lk, S\u00e1g hegy 4070\/5<\/a><\/td><td>4070\/5<\/td><td>2026. febru\u00e1r 18.<\/td><td>\u00a0<\/td><\/tr><tr><td><a href=\"http:\/\/letoltes.celldomolk.hu\/docs\/Cimkezeles\/2026\/C_582_2_2026.pdf\" target=\"_blank\" rel=\"noopener\">9500 Celld\u00f6m\u00f6lk, Sikl\u00f3 u. 2\/B<\/a><\/td><td>2106\/19<\/td><td>2026. febru\u00e1r 13.<\/td><td>\u00a0<\/td><\/tr><tr><td><a href=\"http:\/\/letoltes.celldomolk.hu\/docs\/Cimkezeles\/2026\/C_293_1_2026.pdf\" target=\"_blank\" rel=\"noopener\">9500 Celld\u00f6m\u00f6lk, Izs\u00e1kfa \u00fat 34\/A; 34\/C<\/a><\/td><td>3331; 3330<\/td><td>2026. janu\u00e1r 21.<\/td><td>\u00a0<\/td><\/tr><tr><td>9500 Celld\u00f6m\u00f6lk, Sz\u00e9chenyi u. 3.; 6\/B.<\/td><td>775\/A;541<\/td><td>2026. janu\u00e1r 13.<\/td><td>\u00a02026. febru\u00e1r 13.<\/td><\/tr><tr><td>9500 Celld\u00f6m\u00f6lk, Budai Nagy Antal u. 14.<\/td><td>832<\/td><td>2026. janu\u00e1r 13.<\/td><td>\u00a02026. febru\u00e1r 13.<\/td><\/tr><tr><td>9500 Celld\u00f6m\u00f6lk, Budai Nagy Antal u. 16\/A-29<\/td><td>833\/1-837\/1<\/td><td>2026. janu\u00e1r 12.<\/td><td>\u00a02026. febru\u00e1r 12.<\/td><\/tr><tr><td>9500 Celld\u00f6m\u00f6lk, Budai Nagy Antal u. 2-16.<\/td><td>794-833\/2<\/td><td>2026. janu\u00e1r 12.<\/td><td>\u00a02026. febru\u00e1r 12.<\/td><\/tr><tr><td>9500 Celld\u00f6m\u00f6lk, Kossuth Lajos u. 18.<\/td><td>850\/2\/A<\/td><td>2026. janu\u00e1r 9.<\/td><td>\u00a02026. febru\u00e1r 9.<\/td><\/tr><tr><td>9500 Celld\u00f6m\u00f6lk, Kossuth Lajos u. 18.<\/td><td>850\/2\/A<\/td><td>2026. janu\u00e1r 9.<\/td><td>\u00a02026. febru\u00e1r 9.<\/td><\/tr><tr><td>9500 Celld\u00f6m\u00f6lk, Kossuth Lajos u. 18.<\/td><td>850\/2<\/td><td>2026. janu\u00e1r 9.<\/td><td>\u00a02026. febru\u00e1r 9.<\/td><\/tr><tr><td>9500 Celld\u00f6m\u00f6lk, Kossuth Lajos u. 16.<\/td><td>849\/4\/A<\/td><td>2026. janu\u00e1r 9.<\/td><td>\u00a02026. febru\u00e1r 9.<\/td><\/tr><tr><td>9500 Celld\u00f6m\u00f6lk, Kossuth Lajos u. 8-9.<\/td><td>826\/A-798\/A<\/td><td>2026. janu\u00e1r 8.<\/td><td>\u00a02026. febru\u00e1r 8.<\/td><\/tr><tr><td>9500 Celld\u00f6m\u00f6lk, Kossuth Lajos u. 9.<\/td><td>798\/A<\/td><td>2026. janu\u00e1r 8.<\/td><td>\u00a02026. febru\u00e1r 8.<\/td><\/tr><tr><td>9500 Celld\u00f6m\u00f6lk, Kossuth Lajos u. 1-8.<\/td><td>749-826\/A<\/td><td>2026. janu\u00e1r 8.<\/td><td>\u00a02026. febru\u00e1r 8.<\/td><\/tr><\/tbody><\/table>\t\t\t\t\t\t\t\t<\/div>\n\t\t<div class=\"elementor-element elementor-element-c67b044 e-con-full e-flex e-con e-child\" data-id=\"c67b044\" data-element_type=\"container\" data-e-type=\"container\">\n\t\t\t\t<div class=\"elementor-element elementor-element-8c068b2 elementor-widget elementor-widget-menu-anchor\" data-id=\"8c068b2\" data-element_type=\"widget\" data-e-type=\"widget\" data-widget_type=\"menu-anchor.default\">\n\t\t\t\t\t\t\t<div class=\"elementor-menu-anchor\" id=\"nemeskocs\"><\/div>\n\t\t\t\t\t\t<\/div>\n\t\t\t\t<div class=\"elementor-element elementor-element-a4f9c1b elementor-widget elementor-widget-heading\" data-id=\"a4f9c1b\" data-element_type=\"widget\" data-e-type=\"widget\" data-widget_type=\"heading.default\">\n\t\t\t\t\t<h2 class=\"elementor-heading-title elementor-size-default\">Nemeskocs<\/h2>\t\t\t\t<\/div>\n\t\t\t\t<div class=\"elementor-element elementor-element-c1b4cd8 elementor-widget elementor-widget-text-editor\" data-id=\"c1b4cd8\" data-element_type=\"widget\" data-e-type=\"widget\" data-widget_type=\"text-editor.default\">\n\t\t\t\t\t\t\t\t\t<p>Celld\u00f6m\u00f6lk V\u00e1ros Jegyz\u0151je mint c\u00edmk\u00e9pz\u00e9s\u00e9rt felel\u0151s szerv a k\u00f6zponti c\u00edmregiszterr\u0151l \u00e9s a c\u00edmkezel\u00e9sr\u0151l sz\u00f3l\u00f3 345\/2014. (XII. 23.) Korm. rendelet 8. \u00a7 (5) bekezd\u00e9se alapj\u00e1n a c\u00edmkezel\u00e9ssel \u00e9rintett c\u00edmeket Nemeskocs K\u00f6zs\u00e9g \u00d6nkorm\u00e1nyzata vonatkoz\u00e1s\u00e1ban k\u00f6zz\u00e9teszi az al\u00e1bbiak szerint:<br \/><br \/><\/p><div id=\"cikk_szoveg\"><table border=\"1\" width=\"600\" cellspacing=\"1\" cellpadding=\"1\" align=\"center\"><tbody><tr><td>C\u00edmkezel\u00e9ssel \u00e9rintett ingatlan c\u00edme<\/td><td>Helyrajzi sz\u00e1m<\/td><td>K\u00f6zz\u00e9t\u00e9tel d\u00e1tuma<\/td><td>Lev\u00e9tel d\u00e1tuma<\/td><\/tr><tr><td>\u00a0<a href=\"http:\/\/letoltes.celldomolk.hu\/docs\/Cimkezeles\/2026\/C_438_2_2026.pdf\" target=\"_blank\" rel=\"noopener\">9542 Nemeskocs, Kossuth u. 30.<\/a><\/td><td>162<\/td><td>2026. febru\u00e1r 5.<\/td><td>\u00a0<\/td><\/tr><tr><td>\u00a09542 Nemeskocs, Sport utca<\/td><td>&#8211;\u00a0<\/td><td>2025.szeptember 19.\u00a0<\/td><td>\u00a02025. okt\u00f3ber 19.<\/td><\/tr><\/tbody><\/table><\/div>\t\t\t\t\t\t\t\t<\/div>\n\t\t\t\t<\/div>\n\t\t\t\t\t<\/div>\n\t\t\t\t<\/div>\n\t\t\t\t<\/div>","protected":false},"excerpt":{"rendered":"<p>Celld\u00f6m\u00f6lk Nemeskocs CELLD\u00d6M\u00d6LK Celld\u00f6m\u00f6lk Celld\u00f6m\u00f6lk V\u00e1ros Jegyz\u0151je mint c\u00edmk\u00e9pz\u00e9s\u00e9rt felel\u0151s szerv a k\u00f6zponti c\u00edmregiszterr\u0151l \u00e9s a c\u00edmkezel\u00e9sr\u0151l sz\u00f3l\u00f3 345\/2014. (XII. 23.) Korm. rendelet 8. \u00a7 (5) bekezd\u00e9se alapj\u00e1n a c\u00edmkezel\u00e9ssel \u00e9rintett c\u00edmeket Celld\u00f6m\u00f6lk V\u00e1ros \u00d6nkorm\u00e1nyzata honlapj\u00e1n k\u00f6zz\u00e9teszi az al\u00e1bbiak szerint: C\u00edmkezel\u00e9ssel \u00e9rintett ingatlan c\u00edme Helyrajzi sz\u00e1m K\u00f6zz\u00e9t\u00e9tel d\u00e1tuma Lev\u00e9tel d\u00e1tuma 9500 Celld\u00f6m\u00f6lk, S\u00e1g hegy 4070\/5 [&hellip;]<\/p>\n","protected":false},"author":1,"featured_media":0,"parent":0,"menu_order":0,"comment_status":"closed","ping_status":"closed","template":"","meta":{"footnotes":""},"class_list":["post-1033","page","type-page","status-publish","hentry"],"_links":{"self":[{"href":"https:\/\/celldomolk.hu\/de\/wp-json\/wp\/v2\/pages\/1033","targetHints":{"allow":["GET"]}}],"collection":[{"href":"https:\/\/celldomolk.hu\/de\/wp-json\/wp\/v2\/pages"}],"about":[{"href":"https:\/\/celldomolk.hu\/de\/wp-json\/wp\/v2\/types\/page"}],"author":[{"embeddable":true,"href":"https:\/\/celldomolk.hu\/de\/wp-json\/wp\/v2\/users\/1"}],"replies":[{"embeddable":true,"href":"https:\/\/celldomolk.hu\/de\/wp-json\/wp\/v2\/comments?post=1033"}],"version-history":[{"count":0,"href":"https:\/\/celldomolk.hu\/de\/wp-json\/wp\/v2\/pages\/1033\/revisions"}],"wp:attachment":[{"href":"https:\/\/celldomolk.hu\/de\/wp-json\/wp\/v2\/media?parent=1033"}],"curies":[{"name":"wp","href":"https:\/\/api.w.org\/{rel}","templated":true}]}}